{"id":3631,"date":"2017-06-22T10:35:07","date_gmt":"2017-06-22T08:35:07","guid":{"rendered":"https:\/\/www.sos-massage.ch\/?page_id=3631"},"modified":"2020-03-01T21:07:18","modified_gmt":"2020-03-01T20:07:18","slug":"gut-zu-wissen-2","status":"publish","type":"page","link":"https:\/\/www.sos-massage.ch\/fr\/gut-zu-wissen-2\/","title":{"rendered":"Bon \u00e0 sovoir"},"content":{"rendered":"<p>[et_pb_section fb_built=\u00a0\u00bb1&Prime; fullwidth=\u00a0\u00bbon\u00a0\u00bb _builder_version=\u00a0\u00bb3.22&Prime;][et_pb_fullwidth_code admin_label=\u00a0\u00bbCode f\u00fcr volle Breite: Buttonklicks \u00f6ffnen in neuem Tab\u00a0\u00bb]<script><!-- [et_pb_line_break_holder] -->jQuery(function($){<!-- [et_pb_line_break_holder] -->$('.et_pb_fullwidth_header_2 .header-content-container .header-content .et_pb_button_one.et_pb_button').attr('target', '_blank');<!-- [et_pb_line_break_holder] -->});<!-- [et_pb_line_break_holder] --><\/script>[\/et_pb_fullwidth_code][et_pb_fullwidth_header title=\u00a0\u00bbBon \u00e0 savoir\u00a0\u00bb subhead=\u00a0\u00bbSur les massages et votre sant\u00e9\u00a0\u00bb text_orientation=\u00a0\u00bbcenter\u00a0\u00bb button_one_url=\u00a0\u00bbhttps:\/\/www.sos-massage.ch\/tarif\/\u00a0\u00bb logo_image_url=\u00a0\u00bbhttps:\/\/www.sos-massage.ch\/wp-content\/uploads\/sites\/3\/Gut-zu-wissen-200&#215;200.png\u00a0\u00bb title_font_color=\u00a0\u00bb#ffffff\u00a0\u00bb subhead_font_color=\u00a0\u00bb#ffffff\u00a0\u00bb _builder_version=\u00a0\u00bb3.19.5&Prime; title_text_color=\u00a0\u00bb#ffffff\u00a0\u00bb title_font_size=\u00a0\u00bb38px\u00a0\u00bb subhead_text_color=\u00a0\u00bb#ffffff\u00a0\u00bb background_color=\u00a0\u00bb#c2a583&Prime; background_layout=\u00a0\u00bblight\u00a0\u00bb title_font_size_tablet=\u00a0\u00bb28px\u00a0\u00bb title_font_size_phone=\u00a0\u00bb25px\u00a0\u00bb title_font_size_last_edited=\u00a0\u00bbon|tablet\u00a0\u00bb saved_tabs=\u00a0\u00bball\u00a0\u00bb button_one_text_size__hover_enabled=\u00a0\u00bboff\u00a0\u00bb button_two_text_size__hover_enabled=\u00a0\u00bboff\u00a0\u00bb button_one_text_color__hover_enabled=\u00a0\u00bboff\u00a0\u00bb button_two_text_color__hover_enabled=\u00a0\u00bboff\u00a0\u00bb button_one_border_width__hover_enabled=\u00a0\u00bboff\u00a0\u00bb button_two_border_width__hover_enabled=\u00a0\u00bboff\u00a0\u00bb button_one_border_color__hover_enabled=\u00a0\u00bboff\u00a0\u00bb button_two_border_color__hover_enabled=\u00a0\u00bboff\u00a0\u00bb button_one_border_radius__hover_enabled=\u00a0\u00bboff\u00a0\u00bb button_two_border_radius__hover_enabled=\u00a0\u00bboff\u00a0\u00bb button_one_letter_spacing__hover_enabled=\u00a0\u00bboff\u00a0\u00bb button_two_letter_spacing__hover_enabled=\u00a0\u00bboff\u00a0\u00bb button_one_bg_color__hover_enabled=\u00a0\u00bboff\u00a0\u00bb button_two_bg_color__hover_enabled=\u00a0\u00bboff\u00a0\u00bb]<br \/>\n[\/et_pb_fullwidth_header][\/et_pb_section][et_pb_section fb_built=\u00a0\u00bb1&Prime; fullwidth=\u00a0\u00bbon\u00a0\u00bb _builder_version=\u00a0\u00bb3.22&Prime; custom_padding=\u00a0\u00bb0px|0px|0px|0px\u00a0\u00bb][et_pb_fullwidth_header title=\u00a0\u00bbOrdonnance m\u00e9dicale pour une th\u00e9rapie &#8211; cela pourrait vous int\u00e9resser!\u00a0\u00bb content_tablet=\u00a0\u00bb<\/p>\n<p>En Suisse nous avons le libre choix du th\u00e9rapeute. L\u2019assur\u00e9 peut choisir son th\u00e9rapeute, que ce soit pour des massages, de la r\u00e9flexologie ou de la physioth\u00e9rapie. Vous pouvez changer de th\u00e9rapeute \u00e0 tout moment, m\u00eame si vous avez d\u00e9j\u00e0 commenc\u00e9 le traitement. Les instances d\u2019enregistrement et de contr\u00f4le ASCA et RME tiennent un registre des th\u00e9rapeutes reconnus par les caisses maladies.<\/p>\n<p>\u00a0\u00bb content_phone=\u00a0\u00bb<\/p>\n<p>En Suisse nous avons le libre choix du th\u00e9rapeute. L\u2019assur\u00e9 peut choisir son th\u00e9rapeute, que ce soit pour des massages, de la r\u00e9flexologie ou de la physioth\u00e9rapie. Vous pouvez changer de th\u00e9rapeute \u00e0 tout moment, m\u00eame si vous avez d\u00e9j\u00e0 commenc\u00e9 le traitement. Les instances d\u2019enregistrement et de contr\u00f4le ASCA et RME tiennent un registre des th\u00e9rapeutes reconnus par les caisses maladies.<\/p>\n<p>\u00a0\u00bb content_last_edited=\u00a0\u00bbon|phone\u00a0\u00bb module_id=\u00a0\u00bbnewwindow\u00a0\u00bb _builder_version=\u00a0\u00bb4.3.4&Prime; title_font_size=\u00a0\u00bb38px\u00a0\u00bb background_color=\u00a0\u00bbrgba(255, 255, 255, 0)\u00a0\u00bb background_layout=\u00a0\u00bblight\u00a0\u00bb title_font_size_tablet=\u00a0\u00bb28px\u00a0\u00bb title_font_size_phone=\u00a0\u00bb25px\u00a0\u00bb title_font_size_last_edited=\u00a0\u00bbon|phone\u00a0\u00bb content_font_size_tablet=\u00a0\u00bb18px\u00a0\u00bb content_font_size_phone=\u00a0\u00bb14px\u00a0\u00bb content_font_size_last_edited=\u00a0\u00bbon|desktop\u00a0\u00bb button_one_text_size__hover_enabled=\u00a0\u00bboff\u00a0\u00bb button_two_text_size__hover_enabled=\u00a0\u00bboff\u00a0\u00bb button_one_text_color__hover_enabled=\u00a0\u00bboff\u00a0\u00bb button_two_text_color__hover_enabled=\u00a0\u00bboff\u00a0\u00bb button_one_border_width__hover_enabled=\u00a0\u00bboff\u00a0\u00bb button_two_border_width__hover_enabled=\u00a0\u00bboff\u00a0\u00bb button_one_border_color__hover_enabled=\u00a0\u00bboff\u00a0\u00bb button_two_border_color__hover_enabled=\u00a0\u00bboff\u00a0\u00bb button_one_border_radius__hover_enabled=\u00a0\u00bboff\u00a0\u00bb button_two_border_radius__hover_enabled=\u00a0\u00bboff\u00a0\u00bb button_one_letter_spacing__hover_enabled=\u00a0\u00bboff\u00a0\u00bb button_two_letter_spacing__hover_enabled=\u00a0\u00bboff\u00a0\u00bb button_one_bg_color__hover_enabled=\u00a0\u00bboff\u00a0\u00bb button_two_bg_color__hover_enabled=\u00a0\u00bboff\u00a0\u00bb]<\/p>\n<p>En Suisse nous avons le libre choix du th\u00e9rapeute. L\u2019assur\u00e9 peut choisir son th\u00e9rapeute, que ce soit pour des massages, de la r\u00e9flexologie ou de la physioth\u00e9rapie. Vous pouvez changer de th\u00e9rapeute \u00e0 tout moment, m\u00eame si vous avez d\u00e9j\u00e0 commenc\u00e9 le traitement. Les instances d\u2019enregistrement et de contr\u00f4le ASCA et RME tiennent un registre des th\u00e9rapeutes reconnus par les caisses maladies.<\/p>\n<p>[\/et_pb_fullwidth_header][\/et_pb_section][et_pb_section fb_built=\u00a0\u00bb1&Prime; _builder_version=\u00a0\u00bb3.22&Prime; custom_padding=\u00a0\u00bb0px|0px|0px|0px\u00a0\u00bb][et_pb_row _builder_version=\u00a0\u00bb3.25&Prime; background_size=\u00a0\u00bbinitial\u00a0\u00bb background_position=\u00a0\u00bbtop_left\u00a0\u00bb background_repeat=\u00a0\u00bbrepeat\u00a0\u00bb custom_padding=\u00a0\u00bb0px|0px|0px|0px\u00a0\u00bb][et_pb_column type=\u00a0\u00bb4_4&Prime; _builder_version=\u00a0\u00bb3.25&Prime; custom_padding=\u00a0\u00bb|||\u00a0\u00bb custom_padding__hover=\u00a0\u00bb|||\u00a0\u00bb][et_pb_divider color=\u00a0\u00bb#cc0000&Prime; divider_position=\u00a0\u00bbcenter\u00a0\u00bb divider_weight=\u00a0\u00bb4&Prime; _builder_version=\u00a0\u00bb3.23.4&Prime; height=\u00a0\u00bb4px\u00a0\u00bb hide_on_mobile=\u00a0\u00bboff\u00a0\u00bb]<br \/>\n[\/et_pb_divider][\/et_pb_column][\/et_pb_row][\/et_pb_section][et_pb_section fb_built=\u00a0\u00bb1&Prime; fullwidth=\u00a0\u00bbon\u00a0\u00bb _builder_version=\u00a0\u00bb3.22&Prime; custom_padding=\u00a0\u00bb0px|0px|0px|0px\u00a0\u00bb][et_pb_fullwidth_header title=\u00a0\u00bbPouvez-vous vous adresser directement \u00e0 un th\u00e9rapeute ?\u00a0\u00bb button_one_text=\u00a0\u00bbChercher un th\u00e9rapeute de fa\u00e7on autonome\u00a0\u00bb button_one_url=\u00a0\u00bbhttps:\/\/emr.ch\/fr\/accueil\u00a0\u00bb content_tablet=\u00a0\u00bb<\/p>\n<p>Oui, dans la plupart des cas, c\u2019est vous qui d\u00e9cidez si vous souhaitez consulter pr\u00e9alablement un m\u00e9decin ou si vous voulez vous adresser directement \u00e0 un th\u00e9rapeute de votre choix. Selon les contrats d\u2019assurance, les conditions changent. Faites-vous confirmer par votre conseiller en assurance que vous \u00eates bien autoris\u00e9 \u00e0 vous adresser directement \u00e0 un th\u00e9rapeute, sans passer par un m\u00e9decin. Et v\u00e9rifiez en m\u00eame temps si le th\u00e9rapeute choisi est reconnu par votre caisse maladie.<\/p>\n<p>\u00a0\u00bb content_phone=\u00a0\u00bb<\/p>\n<p>Oui, dans la plupart des cas, c\u2019est vous qui d\u00e9cidez si vous souhaitez consulter pr\u00e9alablement un m\u00e9decin ou si vous voulez vous adresser directement \u00e0 un th\u00e9rapeute de votre choix. Selon les contrats d\u2019assurance, les conditions changent. Faites-vous confirmer par votre conseiller en assurance que vous \u00eates bien autoris\u00e9 \u00e0 vous adresser directement \u00e0 un th\u00e9rapeute, sans passer par un m\u00e9decin. Et v\u00e9rifiez en m\u00eame temps si le th\u00e9rapeute choisi est reconnu par votre caisse maladie.<\/p>\n<p>\u00a0\u00bb content_last_edited=\u00a0\u00bbon|phone\u00a0\u00bb module_id=\u00a0\u00bbnewwindow\u00a0\u00bb _builder_version=\u00a0\u00bb4.3.4&Prime; title_font_size=\u00a0\u00bb38px\u00a0\u00bb background_color=\u00a0\u00bbrgba(255, 255, 255, 0)\u00a0\u00bb custom_button_one=\u00a0\u00bbon\u00a0\u00bb button_one_text_color=\u00a0\u00bb#605d5c\u00a0\u00bb button_one_border_color=\u00a0\u00bb#605d5c\u00a0\u00bb background_layout=\u00a0\u00bblight\u00a0\u00bb title_font_size_tablet=\u00a0\u00bb28px\u00a0\u00bb title_font_size_phone=\u00a0\u00bb25px\u00a0\u00bb title_font_size_last_edited=\u00a0\u00bbon|phone\u00a0\u00bb content_font_size_tablet=\u00a0\u00bb18px\u00a0\u00bb content_font_size_phone=\u00a0\u00bb14px\u00a0\u00bb content_font_size_last_edited=\u00a0\u00bbon|desktop\u00a0\u00bb button_one_text_size_tablet=\u00a0\u00bb\u00a0\u00bb button_one_text_size_phone=\u00a0\u00bb14px\u00a0\u00bb button_one_text_size_last_edited=\u00a0\u00bbon|phone\u00a0\u00bb z_index_tablet=\u00a0\u00bb500&Prime; button_one_text_color_hover=\u00a0\u00bb#ffffff\u00a0\u00bb button_one_border_color_hover=\u00a0\u00bb#0000ff\u00a0\u00bb button_one_bg_color_hover=\u00a0\u00bb#0000ff\u00a0\u00bb button_one_text_size__hover_enabled=\u00a0\u00bboff\u00a0\u00bb button_two_text_size__hover_enabled=\u00a0\u00bboff\u00a0\u00bb button_one_text_color__hover_enabled=\u00a0\u00bbon\u00a0\u00bb button_one_text_color__hover=\u00a0\u00bb#ffffff\u00a0\u00bb button_two_text_color__hover_enabled=\u00a0\u00bboff\u00a0\u00bb button_one_border_width__hover_enabled=\u00a0\u00bboff\u00a0\u00bb button_two_border_width__hover_enabled=\u00a0\u00bboff\u00a0\u00bb button_one_border_color__hover_enabled=\u00a0\u00bbon\u00a0\u00bb button_one_border_color__hover=\u00a0\u00bb#0000ff\u00a0\u00bb button_two_border_color__hover_enabled=\u00a0\u00bboff\u00a0\u00bb button_one_border_radius__hover_enabled=\u00a0\u00bboff\u00a0\u00bb button_two_border_radius__hover_enabled=\u00a0\u00bboff\u00a0\u00bb button_one_letter_spacing__hover_enabled=\u00a0\u00bboff\u00a0\u00bb button_two_letter_spacing__hover_enabled=\u00a0\u00bboff\u00a0\u00bb button_one_bg_color__hover_enabled=\u00a0\u00bbon\u00a0\u00bb button_one_bg_color__hover=\u00a0\u00bb#0000ff\u00a0\u00bb button_two_bg_color__hover_enabled=\u00a0\u00bboff\u00a0\u00bb]<\/p>\n<p>Oui, dans la plupart des cas, c\u2019est vous qui d\u00e9cidez si vous souhaitez consulter pr\u00e9alablement un m\u00e9decin ou si vous voulez vous adresser directement \u00e0 un th\u00e9rapeute de votre choix. Selon les contrats d\u2019assurance, les conditions changent. Faites-vous confirmer par votre conseiller en assurance que vous \u00eates bien autoris\u00e9 \u00e0 vous adresser directement \u00e0 un th\u00e9rapeute, sans passer par un m\u00e9decin. Et v\u00e9rifiez en m\u00eame temps si le th\u00e9rapeute choisi est reconnu par votre caisse maladie.<\/p>\n<p>[\/et_pb_fullwidth_header][\/et_pb_section][et_pb_section fb_built=\u00a0\u00bb1&Prime; _builder_version=\u00a0\u00bb3.22&Prime; custom_padding=\u00a0\u00bb0px|||||\u00a0\u00bb][et_pb_row column_structure=\u00a0\u00bb1_2,1_2&Prime; _builder_version=\u00a0\u00bb3.25&Prime; background_size=\u00a0\u00bbinitial\u00a0\u00bb background_position=\u00a0\u00bbtop_left\u00a0\u00bb background_repeat=\u00a0\u00bbrepeat\u00a0\u00bb custom_padding=\u00a0\u00bb0px|||||\u00a0\u00bb][et_pb_column type=\u00a0\u00bb1_2&Prime; _builder_version=\u00a0\u00bb3.25&Prime; custom_padding=\u00a0\u00bb|||\u00a0\u00bb custom_padding__hover=\u00a0\u00bb|||\u00a0\u00bb][et_pb_accordion icon_color=\u00a0\u00bb#cc0000&Prime; _builder_version=\u00a0\u00bb4.3.4&Prime; toggle_font=\u00a0\u00bb|700|||||||\u00a0\u00bb toggle_font_size=\u00a0\u00bb20&Prime; body_text_color=\u00a0\u00bb#ffffff\u00a0\u00bb body_font_size=\u00a0\u00bb18&Prime; toggle_font_size_tablet=\u00a0\u00bb\u00a0\u00bb toggle_font_size_phone=\u00a0\u00bb18px\u00a0\u00bb toggle_font_size_last_edited=\u00a0\u00bbon|phone\u00a0\u00bb body_font_size_tablet=\u00a0\u00bb18px\u00a0\u00bb body_font_size_phone=\u00a0\u00bb14px\u00a0\u00bb body_font_size_last_edited=\u00a0\u00bbon|desktop\u00a0\u00bb body_font_size__hover_enabled=\u00a0\u00bbon|desktop\u00a0\u00bb body_text_color__hover_enabled=\u00a0\u00bbon|hover\u00a0\u00bb body_text_color__hover=\u00a0\u00bb#ffffff\u00a0\u00bb][et_pb_accordion_item title=\u00a0\u00bbQu\u2019entend-on par massage m\u00e9dical?\u00a0\u00bb open=\u00a0\u00bbon\u00a0\u00bb open_toggle_text_color=\u00a0\u00bb#ffffff\u00a0\u00bb open_toggle_background_color=\u00a0\u00bb#c2a583&Prime; closed_toggle_background_color=\u00a0\u00bb#ffffff\u00a0\u00bb content_tablet=\u00a0\u00bb<\/p>\n<p><span style=%22color: #ffffff;%22>Dans notre syst\u00e8me de sant\u00e9, le massage m\u00e9dical est un massage classique ordonn\u00e9 par un m\u00e9decin. Un m\u00e9decin a pos\u00e9 un diagnostic et ordonne une th\u00e9rapie. Le th\u00e9rapeute d\u00e9finit son traitement sur la base du diagnostic m\u00e9dical et apr\u00e8s s\u2019\u00eatre entretenu avec son client.<\/span><\/p>\n<p><span style=%22color: #ffffff;%22>Selon la complexit\u00e9 des sympt\u00f4mes le traitement peut comporter diff\u00e9rentes formes de th\u00e9rapie. Le terme de \u00ab massage classique \u00bb englobe plusieurs techniques tel le massage classique, la r\u00e9flexologie, le drainage lymphatique, le massage des tissus conjonctifs ou l\u2019\u00e9lectroth\u00e9rapie.<\/span><\/p>\n<p><span style=%22color: #ffffff;%22>Le titre prot\u00e9g\u00e9 de masseur m\u00e9dical d\u00e9signe un th\u00e9rapeute qui a appris au moins toutes ces techniques au cours de sa formation.<\/span><\/p>\n<p>\u00a0\u00bb content_phone=\u00a0\u00bb<\/p>\n<p><span style=%22color: #ffffff;%22>Dans notre syst\u00e8me de sant\u00e9, le massage m\u00e9dical est un massage classique ordonn\u00e9 par un m\u00e9decin. Un m\u00e9decin a pos\u00e9 un diagnostic et ordonne une th\u00e9rapie. Le th\u00e9rapeute d\u00e9finit son traitement sur la base du diagnostic m\u00e9dical et apr\u00e8s s\u2019\u00eatre entretenu avec son client.<\/span><\/p>\n<p><span style=%22color: #ffffff;%22>Selon la complexit\u00e9 des sympt\u00f4mes le traitement peut comporter diff\u00e9rentes formes de th\u00e9rapie. Le terme de \u00ab massage classique \u00bb englobe plusieurs techniques tel le massage classique, la r\u00e9flexologie, le drainage lymphatique, le massage des tissus conjonctifs ou l\u2019\u00e9lectroth\u00e9rapie.<\/span><\/p>\n<p><span style=%22color: #ffffff;%22>Le titre prot\u00e9g\u00e9 de masseur m\u00e9dical d\u00e9signe un th\u00e9rapeute qui a appris au moins toutes ces techniques au cours de sa formation.<\/span><\/p>\n<p>\u00a0\u00bb content_last_edited=\u00a0\u00bbon|phone\u00a0\u00bb _builder_version=\u00a0\u00bb4.3.4&Prime; background_size=\u00a0\u00bbinitial\u00a0\u00bb background_position=\u00a0\u00bbtop_left\u00a0\u00bb background_repeat=\u00a0\u00bbrepeat\u00a0\u00bb box_shadow_style=\u00a0\u00bbpreset2&Prime; open_toggle_background_color__hover_enabled=\u00a0\u00bbon\u00a0\u00bb]<\/p>\n<p><span style=\"color: #ffffff;\">Dans notre syst\u00e8me de sant\u00e9, le massage m\u00e9dical est un massage classique ordonn\u00e9 par un m\u00e9decin. Un m\u00e9decin a pos\u00e9 un diagnostic et ordonne une th\u00e9rapie. Le th\u00e9rapeute d\u00e9finit son traitement sur la base du diagnostic m\u00e9dical et apr\u00e8s s\u2019\u00eatre entretenu avec son client.<\/span><\/p>\n<p><span style=\"color: #ffffff;\">Selon la complexit\u00e9 des sympt\u00f4mes le traitement peut comporter diff\u00e9rentes formes de th\u00e9rapie. Le terme de \u00ab\u00a0massage classique\u00a0\u00bb englobe plusieurs techniques tel le massage classique, la r\u00e9flexologie, le drainage lymphatique, le massage des tissus conjonctifs ou l\u2019\u00e9lectroth\u00e9rapie.<\/span><\/p>\n<p><span style=\"color: #ffffff;\">Le titre prot\u00e9g\u00e9 de masseur m\u00e9dical d\u00e9signe un th\u00e9rapeute qui a appris au moins toutes ces techniques au cours de sa formation.<\/span><\/p>\n<p>[\/et_pb_accordion_item][\/et_pb_accordion][\/et_pb_column][et_pb_column type=\u00a0\u00bb1_2&Prime; _builder_version=\u00a0\u00bb3.25&Prime; custom_padding=\u00a0\u00bb|||\u00a0\u00bb custom_padding__hover=\u00a0\u00bb|||\u00a0\u00bb][et_pb_accordion icon_color=\u00a0\u00bb#cc0000&Prime; _builder_version=\u00a0\u00bb4.3.4&Prime; toggle_font=\u00a0\u00bb|700|||||||\u00a0\u00bb toggle_font_size=\u00a0\u00bb20&Prime; body_text_color=\u00a0\u00bb#ffffff\u00a0\u00bb body_font_size=\u00a0\u00bb18&Prime; toggle_font_size_tablet=\u00a0\u00bb\u00a0\u00bb toggle_font_size_phone=\u00a0\u00bb18px\u00a0\u00bb toggle_font_size_last_edited=\u00a0\u00bbon|phone\u00a0\u00bb body_font_size_tablet=\u00a0\u00bb18px\u00a0\u00bb body_font_size_phone=\u00a0\u00bb14px\u00a0\u00bb body_font_size_last_edited=\u00a0\u00bbon|desktop\u00a0\u00bb body_font_size__hover_enabled=\u00a0\u00bbon|desktop\u00a0\u00bb body_text_color__hover_enabled=\u00a0\u00bbon|hover\u00a0\u00bb body_text_color__hover=\u00a0\u00bb#ffffff\u00a0\u00bb][et_pb_accordion_item title=\u00a0\u00bbQu\u2019entend-on par massage th\u00e9rapeutique?\u00a0\u00bb open=\u00a0\u00bbon\u00a0\u00bb open_toggle_text_color=\u00a0\u00bb#ffffff\u00a0\u00bb open_toggle_background_color=\u00a0\u00bb#c2a583&Prime; closed_toggle_background_color=\u00a0\u00bb#ffffff\u00a0\u00bb content_tablet=\u00a0\u00bb<\/p>\n<p><span style=%22color: #ffffff;%22>Le terme de massage th\u00e9rapeutique est un terme englobant toutes les techniques de massage qui visent \u00e0 att\u00e9nuer les sympt\u00f4mes d\u2019une maladie ou d\u2019une blessure, ainsi qu\u2019\u00e0 activer et soutenir les forces et m\u00e9canismes d\u2019auto-gu\u00e9rison.<\/span><\/p>\n<p>\u00a0\u00bb content_phone=\u00a0\u00bb<\/p>\n<p><span style=%22color: #ffffff;%22>Le terme de massage th\u00e9rapeutique est un terme englobant toutes les techniques de massage qui visent \u00e0 att\u00e9nuer les sympt\u00f4mes d\u2019une maladie ou d\u2019une blessure, ainsi qu\u2019\u00e0 activer et soutenir les forces et m\u00e9canismes d\u2019auto-gu\u00e9rison.<\/span><\/p>\n<p>\u00a0\u00bb content_last_edited=\u00a0\u00bbon|phone\u00a0\u00bb _builder_version=\u00a0\u00bb4.3.4&Prime; background_size=\u00a0\u00bbinitial\u00a0\u00bb background_position=\u00a0\u00bbtop_left\u00a0\u00bb background_repeat=\u00a0\u00bbrepeat\u00a0\u00bb box_shadow_style=\u00a0\u00bbpreset2&Prime; open_toggle_background_color__hover_enabled=\u00a0\u00bbon\u00a0\u00bb]<\/p>\n<p><span style=\"color: #ffffff;\">Le terme de massage th\u00e9rapeutique est un terme englobant toutes les techniques de massage qui visent \u00e0 att\u00e9nuer les sympt\u00f4mes d\u2019une maladie ou d\u2019une blessure, ainsi qu\u2019\u00e0 activer et soutenir les forces et m\u00e9canismes d\u2019auto-gu\u00e9rison.<\/span><\/p>\n<p>[\/et_pb_accordion_item][\/et_pb_accordion][\/et_pb_column][\/et_pb_row][\/et_pb_section]<\/p>\n","protected":false},"excerpt":{"rendered":"<p>En Suisse nous avons le libre choix du th\u00e9rapeute. L\u2019assur\u00e9 peut choisir son th\u00e9rapeute, que ce soit pour des massages, de la r\u00e9flexologie ou de la physioth\u00e9rapie. Vous pouvez changer de th\u00e9rapeute \u00e0 tout moment, m\u00eame si vous avez d\u00e9j\u00e0 commenc\u00e9 le traitement. Les instances d\u2019enregistrement et de contr\u00f4le ASCA et RME tiennent un registre [&hellip;]<\/p>\n","protected":false},"author":1,"featured_media":0,"parent":0,"menu_order":16,"comment_status":"closed","ping_status":"closed","template":"","meta":{"_et_pb_use_builder":"on","_et_pb_old_content":"","_et_gb_content_width":"","footnotes":""},"class_list":["post-3631","page","type-page","status-publish","hentry"],"yoast_head":"<!-- This site is optimized with the Yoast SEO plugin v27.5 - https:\/\/yoast.com\/product\/yoast-seo-wordpress\/ -->\n<title>Bon \u00e0 sovoir - SOS-Massage FR<\/title>\n<meta name=\"robots\" content=\"index, follow, max-snippet:-1, max-image-preview:large, max-video-preview:-1\" \/>\n<link rel=\"canonical\" href=\"https:\/\/www.sos-massage.ch\/fr\/gut-zu-wissen-2\/\" \/>\n<meta property=\"og:locale\" content=\"fr_FR\" \/>\n<meta property=\"og:type\" content=\"article\" \/>\n<meta property=\"og:title\" content=\"Bon \u00e0 sovoir - SOS-Massage FR\" \/>\n<meta property=\"og:description\" content=\"En Suisse nous avons le libre choix du th\u00e9rapeute. L\u2019assur\u00e9 peut choisir son th\u00e9rapeute, que ce soit pour des massages, de la r\u00e9flexologie ou de la physioth\u00e9rapie. Vous pouvez changer de th\u00e9rapeute \u00e0 tout moment, m\u00eame si vous avez d\u00e9j\u00e0 commenc\u00e9 le traitement. Les instances d\u2019enregistrement et de contr\u00f4le ASCA et RME tiennent un registre [&hellip;]\" \/>\n<meta property=\"og:url\" content=\"https:\/\/www.sos-massage.ch\/fr\/gut-zu-wissen-2\/\" \/>\n<meta property=\"og:site_name\" content=\"SOS-Massage FR\" \/>\n<meta property=\"article:modified_time\" content=\"2020-03-01T20:07:18+00:00\" \/>\n<meta name=\"twitter:card\" content=\"summary_large_image\" \/>\n<meta name=\"twitter:label1\" content=\"Dur\u00e9e de lecture estim\u00e9e\" \/>\n\t<meta name=\"twitter:data1\" content=\"10 minutes\" \/>\n<script type=\"application\/ld+json\" class=\"yoast-schema-graph\">{\"@context\":\"https:\\\/\\\/schema.org\",\"@graph\":[{\"@type\":\"WebPage\",\"@id\":\"https:\\\/\\\/www.sos-massage.ch\\\/fr\\\/gut-zu-wissen-2\\\/\",\"url\":\"https:\\\/\\\/www.sos-massage.ch\\\/fr\\\/gut-zu-wissen-2\\\/\",\"name\":\"Bon \u00e0 sovoir - SOS-Massage FR\",\"isPartOf\":{\"@id\":\"https:\\\/\\\/www.sos-massage.ch\\\/fr\\\/#website\"},\"datePublished\":\"2017-06-22T08:35:07+00:00\",\"dateModified\":\"2020-03-01T20:07:18+00:00\",\"breadcrumb\":{\"@id\":\"https:\\\/\\\/www.sos-massage.ch\\\/fr\\\/gut-zu-wissen-2\\\/#breadcrumb\"},\"inLanguage\":\"fr-FR\",\"potentialAction\":[{\"@type\":\"ReadAction\",\"target\":[\"https:\\\/\\\/www.sos-massage.ch\\\/fr\\\/gut-zu-wissen-2\\\/\"]}]},{\"@type\":\"BreadcrumbList\",\"@id\":\"https:\\\/\\\/www.sos-massage.ch\\\/fr\\\/gut-zu-wissen-2\\\/#breadcrumb\",\"itemListElement\":[{\"@type\":\"ListItem\",\"position\":1,\"name\":\"Startseite\",\"item\":\"https:\\\/\\\/www.sos-massage.ch\\\/fr\\\/\"},{\"@type\":\"ListItem\",\"position\":2,\"name\":\"Bon \u00e0 sovoir\"}]},{\"@type\":\"WebSite\",\"@id\":\"https:\\\/\\\/www.sos-massage.ch\\\/fr\\\/#website\",\"url\":\"https:\\\/\\\/www.sos-massage.ch\\\/fr\\\/\",\"name\":\"SOS-Massage FR\",\"description\":\"flexibilit\u00e9 maximale, th\u00e9rapie efficace, reconnu par les caisses maladie\",\"potentialAction\":[{\"@type\":\"SearchAction\",\"target\":{\"@type\":\"EntryPoint\",\"urlTemplate\":\"https:\\\/\\\/www.sos-massage.ch\\\/fr\\\/?s={search_term_string}\"},\"query-input\":{\"@type\":\"PropertyValueSpecification\",\"valueRequired\":true,\"valueName\":\"search_term_string\"}}],\"inLanguage\":\"fr-FR\"}]}<\/script>\n<!-- \/ Yoast SEO plugin. -->","yoast_head_json":{"title":"Bon \u00e0 sovoir - SOS-Massage FR","robots":{"index":"index","follow":"follow","max-snippet":"max-snippet:-1","max-image-preview":"max-image-preview:large","max-video-preview":"max-video-preview:-1"},"canonical":"https:\/\/www.sos-massage.ch\/fr\/gut-zu-wissen-2\/","og_locale":"fr_FR","og_type":"article","og_title":"Bon \u00e0 sovoir - SOS-Massage FR","og_description":"En Suisse nous avons le libre choix du th\u00e9rapeute. L\u2019assur\u00e9 peut choisir son th\u00e9rapeute, que ce soit pour des massages, de la r\u00e9flexologie ou de la physioth\u00e9rapie. Vous pouvez changer de th\u00e9rapeute \u00e0 tout moment, m\u00eame si vous avez d\u00e9j\u00e0 commenc\u00e9 le traitement. Les instances d\u2019enregistrement et de contr\u00f4le ASCA et RME tiennent un registre [&hellip;]","og_url":"https:\/\/www.sos-massage.ch\/fr\/gut-zu-wissen-2\/","og_site_name":"SOS-Massage FR","article_modified_time":"2020-03-01T20:07:18+00:00","twitter_card":"summary_large_image","twitter_misc":{"Dur\u00e9e de lecture estim\u00e9e":"10 minutes"},"schema":{"@context":"https:\/\/schema.org","@graph":[{"@type":"WebPage","@id":"https:\/\/www.sos-massage.ch\/fr\/gut-zu-wissen-2\/","url":"https:\/\/www.sos-massage.ch\/fr\/gut-zu-wissen-2\/","name":"Bon \u00e0 sovoir - SOS-Massage FR","isPartOf":{"@id":"https:\/\/www.sos-massage.ch\/fr\/#website"},"datePublished":"2017-06-22T08:35:07+00:00","dateModified":"2020-03-01T20:07:18+00:00","breadcrumb":{"@id":"https:\/\/www.sos-massage.ch\/fr\/gut-zu-wissen-2\/#breadcrumb"},"inLanguage":"fr-FR","potentialAction":[{"@type":"ReadAction","target":["https:\/\/www.sos-massage.ch\/fr\/gut-zu-wissen-2\/"]}]},{"@type":"BreadcrumbList","@id":"https:\/\/www.sos-massage.ch\/fr\/gut-zu-wissen-2\/#breadcrumb","itemListElement":[{"@type":"ListItem","position":1,"name":"Startseite","item":"https:\/\/www.sos-massage.ch\/fr\/"},{"@type":"ListItem","position":2,"name":"Bon \u00e0 sovoir"}]},{"@type":"WebSite","@id":"https:\/\/www.sos-massage.ch\/fr\/#website","url":"https:\/\/www.sos-massage.ch\/fr\/","name":"SOS-Massage FR","description":"flexibilit\u00e9 maximale, th\u00e9rapie efficace, reconnu par les caisses maladie","potentialAction":[{"@type":"SearchAction","target":{"@type":"EntryPoint","urlTemplate":"https:\/\/www.sos-massage.ch\/fr\/?s={search_term_string}"},"query-input":{"@type":"PropertyValueSpecification","valueRequired":true,"valueName":"search_term_string"}}],"inLanguage":"fr-FR"}]}},"_links":{"self":[{"href":"https:\/\/www.sos-massage.ch\/fr\/wp-json\/wp\/v2\/pages\/3631","targetHints":{"allow":["GET"]}}],"collection":[{"href":"https:\/\/www.sos-massage.ch\/fr\/wp-json\/wp\/v2\/pages"}],"about":[{"href":"https:\/\/www.sos-massage.ch\/fr\/wp-json\/wp\/v2\/types\/page"}],"author":[{"embeddable":true,"href":"https:\/\/www.sos-massage.ch\/fr\/wp-json\/wp\/v2\/users\/1"}],"replies":[{"embeddable":true,"href":"https:\/\/www.sos-massage.ch\/fr\/wp-json\/wp\/v2\/comments?post=3631"}],"version-history":[{"count":6,"href":"https:\/\/www.sos-massage.ch\/fr\/wp-json\/wp\/v2\/pages\/3631\/revisions"}],"predecessor-version":[{"id":8205,"href":"https:\/\/www.sos-massage.ch\/fr\/wp-json\/wp\/v2\/pages\/3631\/revisions\/8205"}],"wp:attachment":[{"href":"https:\/\/www.sos-massage.ch\/fr\/wp-json\/wp\/v2\/media?parent=3631"}],"curies":[{"name":"wp","href":"https:\/\/api.w.org\/{rel}","templated":true}]}}