{"id":3619,"date":"2017-06-22T10:04:33","date_gmt":"2017-06-22T08:04:33","guid":{"rendered":"https:\/\/www.sos-massage.ch\/?page_id=3619"},"modified":"2020-03-01T20:41:31","modified_gmt":"2020-03-01T19:41:31","slug":"kantonale-praxiserlaubnis","status":"publish","type":"page","link":"https:\/\/www.sos-massage.ch\/fr\/kantonale-praxiserlaubnis\/","title":{"rendered":"Autorisation cantonale d&rsquo;exercer"},"content":{"rendered":"<p>[et_pb_section fb_built=\u00a0\u00bb1&Prime; fullwidth=\u00a0\u00bbon\u00a0\u00bb _builder_version=\u00a0\u00bb3.22&Prime;][et_pb_fullwidth_code admin_label=\u00a0\u00bbCode f\u00fcr volle Breite: Buttonklicks \u00f6ffnen in neuem Tab\u00a0\u00bb saved_tabs=\u00a0\u00bball\u00a0\u00bb]<script><!-- [et_pb_line_break_holder] -->jQuery(function($){<!-- [et_pb_line_break_holder] -->$('.et_pb_fullwidth_header_0 .header-content-container .header-content .et_pb_button_one.et_pb_button').attr('target', '_blank');<!-- [et_pb_line_break_holder] -->});<!-- [et_pb_line_break_holder] --><\/script><!-- [et_pb_line_break_holder] --><script><!-- [et_pb_line_break_holder] -->jQuery(function($){<!-- [et_pb_line_break_holder] -->$('.et_pb_fullwidth_header_0 .header-content-container .header-content .et_pb_button_two.et_pb_button').attr('target', '_blank');<!-- [et_pb_line_break_holder] -->});<!-- [et_pb_line_break_holder] --><\/script><!-- [et_pb_line_break_holder] --><script><!-- [et_pb_line_break_holder] -->jQuery(function($){<!-- [et_pb_line_break_holder] -->$('.et_pb_fullwidth_header_1 .header-content-container .header-content .et_pb_button_one.et_pb_button').attr('target', '_blank');<!-- [et_pb_line_break_holder] -->});<!-- [et_pb_line_break_holder] --><\/script><!-- [et_pb_line_break_holder] --><script><!-- [et_pb_line_break_holder] -->jQuery(function($){<!-- [et_pb_line_break_holder] -->$('.et_pb_fullwidth_header_3 .header-content-container .header-content .et_pb_button_one.et_pb_button').attr('target', '_blank');<!-- [et_pb_line_break_holder] -->});<!-- [et_pb_line_break_holder] --><\/script><!-- [et_pb_line_break_holder] --><script><!-- [et_pb_line_break_holder] -->jQuery(function($){<!-- [et_pb_line_break_holder] -->$('.et_pb_fullwidth_header_3 .header-content-container .header-content .et_pb_button_two.et_pb_button').attr('target', '_blank');<!-- [et_pb_line_break_holder] -->});<!-- [et_pb_line_break_holder] --><\/script>[\/et_pb_fullwidth_code][et_pb_fullwidth_header title=\u00a0\u00bbEnregistrement des m\u00e9thodes au registre des m\u00e9decines compl\u00e9mentaires\u00a0\u00bb subhead=\u00a0\u00bbService du M\u00e9decin cantonal Gen\u00e8ve\u00a0\u00bb text_orientation=\u00a0\u00bbcenter\u00a0\u00bb logo_image_url=\u00a0\u00bbhttps:\/\/www.sos-massage.ch\/wp-content\/uploads\/sites\/3\/Zertifikat-200&#215;200.png\u00a0\u00bb _builder_version=\u00a0\u00bb3.19.5&Prime; title_text_color=\u00a0\u00bb#ffffff\u00a0\u00bb title_font_size=\u00a0\u00bb38px\u00a0\u00bb subhead_text_color=\u00a0\u00bb#ffffff\u00a0\u00bb background_color=\u00a0\u00bb#c2a583&Prime; background_layout=\u00a0\u00bblight\u00a0\u00bb max_width_tablet=\u00a0\u00bb50px\u00a0\u00bb title_font_size_tablet=\u00a0\u00bb28px\u00a0\u00bb title_font_size_phone=\u00a0\u00bb25px\u00a0\u00bb title_font_size_last_edited=\u00a0\u00bbon|tablet\u00a0\u00bb saved_tabs=\u00a0\u00bball\u00a0\u00bb button_one_text_size__hover_enabled=\u00a0\u00bboff\u00a0\u00bb button_two_text_size__hover_enabled=\u00a0\u00bboff\u00a0\u00bb button_one_text_color__hover_enabled=\u00a0\u00bboff\u00a0\u00bb button_two_text_color__hover_enabled=\u00a0\u00bboff\u00a0\u00bb button_one_border_width__hover_enabled=\u00a0\u00bboff\u00a0\u00bb button_two_border_width__hover_enabled=\u00a0\u00bboff\u00a0\u00bb button_one_border_color__hover_enabled=\u00a0\u00bboff\u00a0\u00bb button_two_border_color__hover_enabled=\u00a0\u00bboff\u00a0\u00bb button_one_border_radius__hover_enabled=\u00a0\u00bboff\u00a0\u00bb button_two_border_radius__hover_enabled=\u00a0\u00bboff\u00a0\u00bb button_one_letter_spacing__hover_enabled=\u00a0\u00bboff\u00a0\u00bb button_two_letter_spacing__hover_enabled=\u00a0\u00bboff\u00a0\u00bb button_one_bg_color__hover_enabled=\u00a0\u00bboff\u00a0\u00bb button_two_bg_color__hover_enabled=\u00a0\u00bboff\u00a0\u00bb][\/et_pb_fullwidth_header][\/et_pb_section][et_pb_section fb_built=\u00a0\u00bb1&Prime; fullwidth=\u00a0\u00bbon\u00a0\u00bb _builder_version=\u00a0\u00bb3.22&Prime; custom_padding=\u00a0\u00bb0px|0px|0px|0px\u00a0\u00bb][et_pb_fullwidth_header title=\u00a0\u00bbAutorisation cantonale d\u2019exercer une activit\u00e9 th\u00e9rapeutique\u00a0\u00bb button_one_text=\u00a0\u00bbAttestation DEAS\u00a0\u00bb button_one_url=\u00a0\u00bbhttps:\/\/www.sos-massage.ch\/fr\/wp-content\/uploads\/sites\/3\/Attestation_DEAS_DGS_web.jpg\u00a0\u00bb content_tablet=\u00a0\u00bb<\/p>\n<p>En ma qualit\u00e9 de th\u00e9rapeute, je suis enregistr\u00e9 au registre cantonal des m\u00e9decines compl\u00e9mentaires et suis en possession d\u2019une autorisation du DEAS-DGS (D\u00e9partement de l\u2019emploi et de la sant\u00e9) d\u2019exercer mon activit\u00e9 th\u00e9rapeutique.<\/p>\n<p>\u00a0\u00bb content_phone=\u00a0\u00bb<\/p>\n<p>En ma qualit\u00e9 de th\u00e9rapeute, je suis enregistr\u00e9 au registre cantonal des m\u00e9decines compl\u00e9mentaires et suis en possession d\u2019une autorisation du DEAS-DGS (D\u00e9partement de l\u2019emploi et de la sant\u00e9) d\u2019exercer mon activit\u00e9 th\u00e9rapeutique.<\/p>\n<p>\u00a0\u00bb content_last_edited=\u00a0\u00bbon|phone\u00a0\u00bb module_id=\u00a0\u00bbnewwindow\u00a0\u00bb _builder_version=\u00a0\u00bb4.3.4&Prime; title_font_size=\u00a0\u00bb38px\u00a0\u00bb background_color=\u00a0\u00bbrgba(255, 255, 255, 0)\u00a0\u00bb custom_button_one=\u00a0\u00bbon\u00a0\u00bb button_one_text_color=\u00a0\u00bb#605d5c\u00a0\u00bb button_one_border_color=\u00a0\u00bb#605d5c\u00a0\u00bb button_one_icon=\u00a0\u00bb%%20%%\u00a0\u00bb background_layout=\u00a0\u00bblight\u00a0\u00bb max_width_tablet=\u00a0\u00bb50px\u00a0\u00bb title_font_size_tablet=\u00a0\u00bb28px\u00a0\u00bb title_font_size_phone=\u00a0\u00bb25px\u00a0\u00bb title_font_size_last_edited=\u00a0\u00bbon|phone\u00a0\u00bb content_font_size_tablet=\u00a0\u00bb18px\u00a0\u00bb content_font_size_phone=\u00a0\u00bb14px\u00a0\u00bb content_font_size_last_edited=\u00a0\u00bbon|desktop\u00a0\u00bb button_one_text_size_tablet=\u00a0\u00bb\u00a0\u00bb button_one_text_size_phone=\u00a0\u00bb14px\u00a0\u00bb button_one_text_size_last_edited=\u00a0\u00bbon|phone\u00a0\u00bb button_one_text_color_hover=\u00a0\u00bb#ffffff\u00a0\u00bb button_one_border_color_hover=\u00a0\u00bb#0000ff\u00a0\u00bb button_one_bg_color_hover=\u00a0\u00bb#0000ff\u00a0\u00bb button_one_text_size__hover_enabled=\u00a0\u00bboff\u00a0\u00bb button_two_text_size__hover_enabled=\u00a0\u00bboff\u00a0\u00bb button_one_text_color__hover_enabled=\u00a0\u00bbon\u00a0\u00bb button_one_text_color__hover=\u00a0\u00bb#ffffff\u00a0\u00bb button_two_text_color__hover_enabled=\u00a0\u00bboff\u00a0\u00bb button_one_border_width__hover_enabled=\u00a0\u00bboff\u00a0\u00bb button_two_border_width__hover_enabled=\u00a0\u00bboff\u00a0\u00bb button_one_border_color__hover_enabled=\u00a0\u00bbon\u00a0\u00bb button_one_border_color__hover=\u00a0\u00bb#0000ff\u00a0\u00bb button_two_border_color__hover_enabled=\u00a0\u00bboff\u00a0\u00bb button_one_border_radius__hover_enabled=\u00a0\u00bboff\u00a0\u00bb button_two_border_radius__hover_enabled=\u00a0\u00bboff\u00a0\u00bb button_one_letter_spacing__hover_enabled=\u00a0\u00bboff\u00a0\u00bb button_two_letter_spacing__hover_enabled=\u00a0\u00bboff\u00a0\u00bb button_one_bg_color__hover_enabled=\u00a0\u00bbon\u00a0\u00bb button_one_bg_color__hover=\u00a0\u00bb#0000ff\u00a0\u00bb button_two_bg_color__hover_enabled=\u00a0\u00bboff\u00a0\u00bb]<\/p>\n<p>En ma qualit\u00e9 de th\u00e9rapeute, je suis enregistr\u00e9 au registre cantonal des m\u00e9decines compl\u00e9mentaires et suis en possession d\u2019une autorisation du DEAS-DGS (D\u00e9partement de l\u2019emploi et de la sant\u00e9) d\u2019exercer mon activit\u00e9 th\u00e9rapeutique.<\/p>\n<p>[\/et_pb_fullwidth_header][\/et_pb_section]<\/p>\n","protected":false},"excerpt":{"rendered":"<p>En ma qualit\u00e9 de th\u00e9rapeute, je suis enregistr\u00e9 au registre cantonal des m\u00e9decines compl\u00e9mentaires et suis en possession d\u2019une autorisation du DEAS-DGS (D\u00e9partement de l\u2019emploi et de la sant\u00e9) d\u2019exercer mon activit\u00e9 th\u00e9rapeutique.<\/p>\n","protected":false},"author":1,"featured_media":0,"parent":0,"menu_order":15,"comment_status":"closed","ping_status":"closed","template":"","meta":{"_et_pb_use_builder":"on","_et_pb_old_content":"","_et_gb_content_width":"","footnotes":""},"class_list":["post-3619","page","type-page","status-publish","hentry"],"yoast_head":"<!-- This site is optimized with the Yoast SEO plugin v27.5 - https:\/\/yoast.com\/product\/yoast-seo-wordpress\/ -->\n<title>Autorisation cantonale d&#039;exercer - SOS-Massage FR<\/title>\n<meta name=\"robots\" content=\"index, follow, max-snippet:-1, max-image-preview:large, max-video-preview:-1\" \/>\n<link rel=\"canonical\" href=\"https:\/\/www.sos-massage.ch\/fr\/kantonale-praxiserlaubnis\/\" \/>\n<meta property=\"og:locale\" content=\"fr_FR\" \/>\n<meta property=\"og:type\" content=\"article\" \/>\n<meta property=\"og:title\" content=\"Autorisation cantonale d&#039;exercer - SOS-Massage FR\" \/>\n<meta property=\"og:description\" content=\"En ma qualit\u00e9 de th\u00e9rapeute, je suis enregistr\u00e9 au registre cantonal des m\u00e9decines compl\u00e9mentaires et suis en possession d\u2019une autorisation du DEAS-DGS (D\u00e9partement de l\u2019emploi et de la sant\u00e9) d\u2019exercer mon activit\u00e9 th\u00e9rapeutique.\" \/>\n<meta property=\"og:url\" content=\"https:\/\/www.sos-massage.ch\/fr\/kantonale-praxiserlaubnis\/\" \/>\n<meta property=\"og:site_name\" content=\"SOS-Massage FR\" \/>\n<meta property=\"article:modified_time\" content=\"2020-03-01T19:41:31+00:00\" \/>\n<meta name=\"twitter:card\" content=\"summary_large_image\" \/>\n<meta name=\"twitter:label1\" content=\"Dur\u00e9e de lecture estim\u00e9e\" \/>\n\t<meta name=\"twitter:data1\" content=\"3 minutes\" \/>\n<script type=\"application\/ld+json\" class=\"yoast-schema-graph\">{\"@context\":\"https:\\\/\\\/schema.org\",\"@graph\":[{\"@type\":\"WebPage\",\"@id\":\"https:\\\/\\\/www.sos-massage.ch\\\/fr\\\/kantonale-praxiserlaubnis\\\/\",\"url\":\"https:\\\/\\\/www.sos-massage.ch\\\/fr\\\/kantonale-praxiserlaubnis\\\/\",\"name\":\"Autorisation cantonale d'exercer - SOS-Massage FR\",\"isPartOf\":{\"@id\":\"https:\\\/\\\/www.sos-massage.ch\\\/fr\\\/#website\"},\"datePublished\":\"2017-06-22T08:04:33+00:00\",\"dateModified\":\"2020-03-01T19:41:31+00:00\",\"breadcrumb\":{\"@id\":\"https:\\\/\\\/www.sos-massage.ch\\\/fr\\\/kantonale-praxiserlaubnis\\\/#breadcrumb\"},\"inLanguage\":\"fr-FR\",\"potentialAction\":[{\"@type\":\"ReadAction\",\"target\":[\"https:\\\/\\\/www.sos-massage.ch\\\/fr\\\/kantonale-praxiserlaubnis\\\/\"]}]},{\"@type\":\"BreadcrumbList\",\"@id\":\"https:\\\/\\\/www.sos-massage.ch\\\/fr\\\/kantonale-praxiserlaubnis\\\/#breadcrumb\",\"itemListElement\":[{\"@type\":\"ListItem\",\"position\":1,\"name\":\"Startseite\",\"item\":\"https:\\\/\\\/www.sos-massage.ch\\\/fr\\\/\"},{\"@type\":\"ListItem\",\"position\":2,\"name\":\"Autorisation cantonale d&#8217;exercer\"}]},{\"@type\":\"WebSite\",\"@id\":\"https:\\\/\\\/www.sos-massage.ch\\\/fr\\\/#website\",\"url\":\"https:\\\/\\\/www.sos-massage.ch\\\/fr\\\/\",\"name\":\"SOS-Massage FR\",\"description\":\"flexibilit\u00e9 maximale, th\u00e9rapie efficace, reconnu par les caisses maladie\",\"potentialAction\":[{\"@type\":\"SearchAction\",\"target\":{\"@type\":\"EntryPoint\",\"urlTemplate\":\"https:\\\/\\\/www.sos-massage.ch\\\/fr\\\/?s={search_term_string}\"},\"query-input\":{\"@type\":\"PropertyValueSpecification\",\"valueRequired\":true,\"valueName\":\"search_term_string\"}}],\"inLanguage\":\"fr-FR\"}]}<\/script>\n<!-- \/ Yoast SEO plugin. -->","yoast_head_json":{"title":"Autorisation cantonale d'exercer - SOS-Massage FR","robots":{"index":"index","follow":"follow","max-snippet":"max-snippet:-1","max-image-preview":"max-image-preview:large","max-video-preview":"max-video-preview:-1"},"canonical":"https:\/\/www.sos-massage.ch\/fr\/kantonale-praxiserlaubnis\/","og_locale":"fr_FR","og_type":"article","og_title":"Autorisation cantonale d'exercer - SOS-Massage FR","og_description":"En ma qualit\u00e9 de th\u00e9rapeute, je suis enregistr\u00e9 au registre cantonal des m\u00e9decines compl\u00e9mentaires et suis en possession d\u2019une autorisation du DEAS-DGS (D\u00e9partement de l\u2019emploi et de la sant\u00e9) d\u2019exercer mon activit\u00e9 th\u00e9rapeutique.","og_url":"https:\/\/www.sos-massage.ch\/fr\/kantonale-praxiserlaubnis\/","og_site_name":"SOS-Massage FR","article_modified_time":"2020-03-01T19:41:31+00:00","twitter_card":"summary_large_image","twitter_misc":{"Dur\u00e9e de lecture estim\u00e9e":"3 minutes"},"schema":{"@context":"https:\/\/schema.org","@graph":[{"@type":"WebPage","@id":"https:\/\/www.sos-massage.ch\/fr\/kantonale-praxiserlaubnis\/","url":"https:\/\/www.sos-massage.ch\/fr\/kantonale-praxiserlaubnis\/","name":"Autorisation cantonale d'exercer - SOS-Massage FR","isPartOf":{"@id":"https:\/\/www.sos-massage.ch\/fr\/#website"},"datePublished":"2017-06-22T08:04:33+00:00","dateModified":"2020-03-01T19:41:31+00:00","breadcrumb":{"@id":"https:\/\/www.sos-massage.ch\/fr\/kantonale-praxiserlaubnis\/#breadcrumb"},"inLanguage":"fr-FR","potentialAction":[{"@type":"ReadAction","target":["https:\/\/www.sos-massage.ch\/fr\/kantonale-praxiserlaubnis\/"]}]},{"@type":"BreadcrumbList","@id":"https:\/\/www.sos-massage.ch\/fr\/kantonale-praxiserlaubnis\/#breadcrumb","itemListElement":[{"@type":"ListItem","position":1,"name":"Startseite","item":"https:\/\/www.sos-massage.ch\/fr\/"},{"@type":"ListItem","position":2,"name":"Autorisation cantonale d&#8217;exercer"}]},{"@type":"WebSite","@id":"https:\/\/www.sos-massage.ch\/fr\/#website","url":"https:\/\/www.sos-massage.ch\/fr\/","name":"SOS-Massage FR","description":"flexibilit\u00e9 maximale, th\u00e9rapie efficace, reconnu par les caisses maladie","potentialAction":[{"@type":"SearchAction","target":{"@type":"EntryPoint","urlTemplate":"https:\/\/www.sos-massage.ch\/fr\/?s={search_term_string}"},"query-input":{"@type":"PropertyValueSpecification","valueRequired":true,"valueName":"search_term_string"}}],"inLanguage":"fr-FR"}]}},"_links":{"self":[{"href":"https:\/\/www.sos-massage.ch\/fr\/wp-json\/wp\/v2\/pages\/3619","targetHints":{"allow":["GET"]}}],"collection":[{"href":"https:\/\/www.sos-massage.ch\/fr\/wp-json\/wp\/v2\/pages"}],"about":[{"href":"https:\/\/www.sos-massage.ch\/fr\/wp-json\/wp\/v2\/types\/page"}],"author":[{"embeddable":true,"href":"https:\/\/www.sos-massage.ch\/fr\/wp-json\/wp\/v2\/users\/1"}],"replies":[{"embeddable":true,"href":"https:\/\/www.sos-massage.ch\/fr\/wp-json\/wp\/v2\/comments?post=3619"}],"version-history":[{"count":5,"href":"https:\/\/www.sos-massage.ch\/fr\/wp-json\/wp\/v2\/pages\/3619\/revisions"}],"predecessor-version":[{"id":8191,"href":"https:\/\/www.sos-massage.ch\/fr\/wp-json\/wp\/v2\/pages\/3619\/revisions\/8191"}],"wp:attachment":[{"href":"https:\/\/www.sos-massage.ch\/fr\/wp-json\/wp\/v2\/media?parent=3619"}],"curies":[{"name":"wp","href":"https:\/\/api.w.org\/{rel}","templated":true}]}}