{"id":2523,"date":"2017-05-11T17:00:12","date_gmt":"2017-05-11T15:00:12","guid":{"rendered":"https:\/\/www.sos-massage.ch\/?page_id=2523"},"modified":"2020-03-01T18:42:00","modified_gmt":"2020-03-01T17:42:00","slug":"gut-zu-wissen","status":"publish","type":"page","link":"https:\/\/www.sos-massage.ch\/fr\/gut-zu-wissen\/","title":{"rendered":"Bon \u00e0 savoir"},"content":{"rendered":"<p>[et_pb_section fb_built=\u00a0\u00bb1&Prime; fullwidth=\u00a0\u00bbon\u00a0\u00bb _builder_version=\u00a0\u00bb3.22&Prime;][et_pb_fullwidth_code admin_label=\u00a0\u00bbCode f\u00fcr volle Breite: Buttonklicks \u00f6ffnen in neuem Tab\u00a0\u00bb _builder_version=\u00a0\u00bb3.19.5&Prime; saved_tabs=\u00a0\u00bball\u00a0\u00bb]<script><!-- [et_pb_line_break_holder] -->jQuery(function($){<!-- [et_pb_line_break_holder] -->$('.et_pb_fullwidth_header_0 .header-content-container .header-content .et_pb_button_two.et_pb_button').attr('target', '_blank');<!-- [et_pb_line_break_holder] -->});<!-- [et_pb_line_break_holder] --><\/script><!-- [et_pb_line_break_holder] --><script><!-- [et_pb_line_break_holder] -->jQuery(function($){<!-- [et_pb_line_break_holder] -->$('.et_pb_fullwidth_header_1 .header-content-container .header-content .et_pb_button_one.et_pb_button').attr('target', '_blank');<!-- [et_pb_line_break_holder] -->});<!-- [et_pb_line_break_holder] --><\/script>[\/et_pb_fullwidth_code][et_pb_fullwidth_header title=\u00a0\u00bbBon \u00e0 savoir\u00a0\u00bb subhead=\u00a0\u00bbTout sur le massage et votre sant\u00e9\u00a0\u00bb text_orientation=\u00a0\u00bbcenter\u00a0\u00bb button_one_text=\u00a0\u00bbPrix\u00a0\u00bb button_one_url=\u00a0\u00bbhttps:\/\/www.sos-massage.ch\/fr\/tarif\/\u00a0\u00bb logo_image_url=\u00a0\u00bbhttps:\/\/www.sos-massage.ch\/wp-content\/uploads\/sites\/3\/Gut-zu-wissen-200&#215;200.png\u00a0\u00bb _builder_version=\u00a0\u00bb3.19.5&Prime; title_text_color=\u00a0\u00bb#ffffff\u00a0\u00bb title_font_size=\u00a0\u00bb38px\u00a0\u00bb subhead_text_color=\u00a0\u00bb#ffffff\u00a0\u00bb background_color=\u00a0\u00bb#c2a583&Prime; custom_button_one=\u00a0\u00bbon\u00a0\u00bb button_one_text_color=\u00a0\u00bb#ffffff\u00a0\u00bb button_one_border_color=\u00a0\u00bb#ffffff\u00a0\u00bb background_layout=\u00a0\u00bblight\u00a0\u00bb max_width_tablet=\u00a0\u00bb50px\u00a0\u00bb title_font_size_tablet=\u00a0\u00bb28px\u00a0\u00bb title_font_size_phone=\u00a0\u00bb25px\u00a0\u00bb title_font_size_last_edited=\u00a0\u00bbon|phone\u00a0\u00bb button_one_text_size_tablet=\u00a0\u00bb\u00a0\u00bb button_one_text_size_phone=\u00a0\u00bb14px\u00a0\u00bb button_one_text_size_last_edited=\u00a0\u00bbon|phone\u00a0\u00bb saved_tabs=\u00a0\u00bball\u00a0\u00bb button_one_text_size__hover_enabled=\u00a0\u00bboff\u00a0\u00bb button_one_text_size__hover=\u00a0\u00bbnull\u00a0\u00bb button_two_text_size__hover_enabled=\u00a0\u00bboff\u00a0\u00bb button_two_text_size__hover=\u00a0\u00bbnull\u00a0\u00bb button_one_text_color__hover_enabled=\u00a0\u00bbon\u00a0\u00bb button_one_text_color__hover=\u00a0\u00bb#ffffff\u00a0\u00bb button_two_text_color__hover_enabled=\u00a0\u00bboff\u00a0\u00bb button_two_text_color__hover=\u00a0\u00bbnull\u00a0\u00bb button_one_border_width__hover_enabled=\u00a0\u00bboff\u00a0\u00bb button_one_border_width__hover=\u00a0\u00bbnull\u00a0\u00bb button_two_border_width__hover_enabled=\u00a0\u00bboff\u00a0\u00bb button_two_border_width__hover=\u00a0\u00bbnull\u00a0\u00bb button_one_border_color__hover_enabled=\u00a0\u00bbon\u00a0\u00bb button_one_border_color__hover=\u00a0\u00bb#0000ff\u00a0\u00bb button_two_border_color__hover_enabled=\u00a0\u00bboff\u00a0\u00bb button_two_border_color__hover=\u00a0\u00bbnull\u00a0\u00bb button_one_border_radius__hover_enabled=\u00a0\u00bboff\u00a0\u00bb button_one_border_radius__hover=\u00a0\u00bbnull\u00a0\u00bb button_two_border_radius__hover_enabled=\u00a0\u00bboff\u00a0\u00bb button_two_border_radius__hover=\u00a0\u00bbnull\u00a0\u00bb button_one_letter_spacing__hover_enabled=\u00a0\u00bboff\u00a0\u00bb button_one_letter_spacing__hover=\u00a0\u00bbnull\u00a0\u00bb button_two_letter_spacing__hover_enabled=\u00a0\u00bboff\u00a0\u00bb button_two_letter_spacing__hover=\u00a0\u00bbnull\u00a0\u00bb button_one_bg_color__hover_enabled=\u00a0\u00bbon\u00a0\u00bb button_one_bg_color__hover=\u00a0\u00bb#0000ff\u00a0\u00bb button_two_bg_color__hover_enabled=\u00a0\u00bboff\u00a0\u00bb button_two_bg_color__hover=\u00a0\u00bbnull\u00a0\u00bb][\/et_pb_fullwidth_header][\/et_pb_section][et_pb_section fb_built=\u00a0\u00bb1&Prime; fullwidth=\u00a0\u00bbon\u00a0\u00bb _builder_version=\u00a0\u00bb3.22&Prime; custom_padding=\u00a0\u00bb0px|0px|0px|0px\u00a0\u00bb][et_pb_fullwidth_header title=\u00a0\u00bbComment r\u00e9agit votre corps?\u00a0\u00bb button_one_text=\u00a0\u00bbEn savoir plus sur les toxines\u00a0\u00bb button_one_url=\u00a0\u00bbhttps:\/\/www.sos-massage.ch\/fr\/wp-content\/uploads\/sites\/3\/Vista_Artikel_Toxines_V2_14.pdf\u00a0\u00bb content_tablet=\u00a0\u00bb<\/p>\n<p>Apr\u00e8s un traitement il peut arriver que les sympt\u00f4mes s\u2019aggravent. Cela n\u2019est pas n\u00e9gatif, bien au contraire : c\u2019est une r\u00e9action de r\u00e9g\u00e9n\u00e9ration positive de votre corps.<\/p>\n<p>Les ligaments et les muscles ont tendance \u00e0 s\u2019habituer \u00e0 de fausses postures. Le massage corrige la posture mais le corps doit s\u2019y habituer. Il est possible que vous constatiez des sympt\u00f4mes tels que courbatures, maux de t\u00eate ou un sommeil perturb\u00e9. En r\u00e8gle g\u00e9n\u00e9rale, ces sympt\u00f4mes disparaissent au bout de trois jours.<\/p>\n<p>Suite \u00e0 la th\u00e9rapie, les blocages et les contactions sont supprim\u00e9s, les toxines et scories lib\u00e9r\u00e9s et \u00e9limin\u00e9s. Il faut boire beaucoup, cela acc\u00e9l\u00e8re l\u2019\u00e9limination et la d\u00e9toxication.<\/p>\n<p>\u00a0\u00bb content_phone=\u00a0\u00bb<\/p>\n<p>Apr\u00e8s un traitement il peut arriver que les sympt\u00f4mes s\u2019aggravent. Cela n\u2019est pas n\u00e9gatif, bien au contraire : c\u2019est une r\u00e9action de r\u00e9g\u00e9n\u00e9ration positive de votre corps.<\/p>\n<p>Les ligaments et les muscles ont tendance \u00e0 s\u2019habituer \u00e0 de fausses postures. Le massage corrige la posture mais le corps doit s\u2019y habituer. Il est possible que vous constatiez des sympt\u00f4mes tels que courbatures, maux de t\u00eate ou un sommeil perturb\u00e9. En r\u00e8gle g\u00e9n\u00e9rale, ces sympt\u00f4mes disparaissent au bout de trois jours.<\/p>\n<p>Suite \u00e0 la th\u00e9rapie, les blocages et les contactions sont supprim\u00e9s, les toxines et scories lib\u00e9r\u00e9s et \u00e9limin\u00e9s. Il faut boire beaucoup, cela acc\u00e9l\u00e8re l\u2019\u00e9limination et la d\u00e9toxication.<\/p>\n<p>\u00a0\u00bb content_last_edited=\u00a0\u00bbon|phone\u00a0\u00bb module_id=\u00a0\u00bbnewwindow\u00a0\u00bb _builder_version=\u00a0\u00bb4.3.4&Prime; title_font_size=\u00a0\u00bb38px\u00a0\u00bb background_color=\u00a0\u00bbrgba(255, 255, 255, 0)\u00a0\u00bb custom_button_one=\u00a0\u00bbon\u00a0\u00bb button_one_text_color=\u00a0\u00bb#605d5c\u00a0\u00bb button_one_border_color=\u00a0\u00bb#605d5c\u00a0\u00bb background_layout=\u00a0\u00bblight\u00a0\u00bb title_font_size_tablet=\u00a0\u00bb28px\u00a0\u00bb title_font_size_phone=\u00a0\u00bb25px\u00a0\u00bb title_font_size_last_edited=\u00a0\u00bbon|phone\u00a0\u00bb content_font_size_tablet=\u00a0\u00bb18px\u00a0\u00bb content_font_size_phone=\u00a0\u00bb14px\u00a0\u00bb content_font_size_last_edited=\u00a0\u00bbon|phone\u00a0\u00bb button_one_text_size_tablet=\u00a0\u00bb\u00a0\u00bb button_one_text_size_phone=\u00a0\u00bb14px\u00a0\u00bb button_one_text_size_last_edited=\u00a0\u00bbon|phone\u00a0\u00bb button_one_text_size__hover_enabled=\u00a0\u00bboff\u00a0\u00bb button_one_text_size__hover=\u00a0\u00bbnull\u00a0\u00bb button_two_text_size__hover_enabled=\u00a0\u00bboff\u00a0\u00bb button_two_text_size__hover=\u00a0\u00bbnull\u00a0\u00bb button_one_text_color__hover_enabled=\u00a0\u00bbon\u00a0\u00bb button_one_text_color__hover=\u00a0\u00bb#ffffff\u00a0\u00bb button_two_text_color__hover_enabled=\u00a0\u00bboff\u00a0\u00bb button_two_text_color__hover=\u00a0\u00bbnull\u00a0\u00bb button_one_border_width__hover_enabled=\u00a0\u00bboff\u00a0\u00bb button_one_border_width__hover=\u00a0\u00bbnull\u00a0\u00bb button_two_border_width__hover_enabled=\u00a0\u00bboff\u00a0\u00bb button_two_border_width__hover=\u00a0\u00bbnull\u00a0\u00bb button_one_border_color__hover_enabled=\u00a0\u00bbon\u00a0\u00bb button_one_border_color__hover=\u00a0\u00bb#0000ff\u00a0\u00bb button_two_border_color__hover_enabled=\u00a0\u00bboff\u00a0\u00bb button_two_border_color__hover=\u00a0\u00bbnull\u00a0\u00bb button_one_border_radius__hover_enabled=\u00a0\u00bboff\u00a0\u00bb button_one_border_radius__hover=\u00a0\u00bbnull\u00a0\u00bb button_two_border_radius__hover_enabled=\u00a0\u00bboff\u00a0\u00bb button_two_border_radius__hover=\u00a0\u00bbnull\u00a0\u00bb button_one_letter_spacing__hover_enabled=\u00a0\u00bboff\u00a0\u00bb button_one_letter_spacing__hover=\u00a0\u00bbnull\u00a0\u00bb button_two_letter_spacing__hover_enabled=\u00a0\u00bboff\u00a0\u00bb button_two_letter_spacing__hover=\u00a0\u00bbnull\u00a0\u00bb button_one_bg_color__hover_enabled=\u00a0\u00bbon\u00a0\u00bb button_one_bg_color__hover=\u00a0\u00bb#0000ff\u00a0\u00bb button_two_bg_color__hover_enabled=\u00a0\u00bboff\u00a0\u00bb button_two_bg_color__hover=\u00a0\u00bbnull\u00a0\u00bb content_font_size__hover_enabled=\u00a0\u00bboff|desktop\u00a0\u00bb]Apr\u00e8s un traitement il peut arriver que les sympt\u00f4mes s\u2019aggravent. Cela n\u2019est pas n\u00e9gatif, bien au contraire\u00a0: c\u2019est une r\u00e9action de r\u00e9g\u00e9n\u00e9ration positive de votre corps.<\/p>\n<p>Les ligaments et les muscles ont tendance \u00e0 s\u2019habituer \u00e0 de fausses postures. Le massage corrige la posture mais le corps doit s\u2019y habituer. Il est possible que vous constatiez des sympt\u00f4mes tels que courbatures, maux de t\u00eate ou un sommeil perturb\u00e9. En r\u00e8gle g\u00e9n\u00e9rale, ces sympt\u00f4mes disparaissent au bout de trois jours.<\/p>\n<p>Suite \u00e0 la th\u00e9rapie, les blocages et les contactions sont supprim\u00e9s, les toxines et scories lib\u00e9r\u00e9s et \u00e9limin\u00e9s. Il faut boire beaucoup, cela acc\u00e9l\u00e8re l\u2019\u00e9limination et la d\u00e9toxication.<br \/>\n[\/et_pb_fullwidth_header][\/et_pb_section]<\/p>\n","protected":false},"excerpt":{"rendered":"<p>Apr\u00e8s un traitement il peut arriver que les sympt\u00f4mes s\u2019aggravent. Cela n\u2019est pas n\u00e9gatif, bien au contraire\u00a0: c\u2019est une r\u00e9action de r\u00e9g\u00e9n\u00e9ration positive de votre corps. Les ligaments et les muscles ont tendance \u00e0 s\u2019habituer \u00e0 de fausses postures. Le massage corrige la posture mais le corps doit s\u2019y habituer. Il est possible que vous [&hellip;]<\/p>\n","protected":false},"author":1,"featured_media":0,"parent":0,"menu_order":33,"comment_status":"closed","ping_status":"closed","template":"","meta":{"_et_pb_use_builder":"on","_et_pb_old_content":"","_et_gb_content_width":"","footnotes":""},"class_list":["post-2523","page","type-page","status-publish","hentry"],"yoast_head":"<!-- This site is optimized with the Yoast SEO plugin v27.5 - https:\/\/yoast.com\/product\/yoast-seo-wordpress\/ -->\n<title>Bon \u00e0 savoir - SOS-Massage FR<\/title>\n<meta name=\"robots\" content=\"index, follow, max-snippet:-1, max-image-preview:large, max-video-preview:-1\" \/>\n<link rel=\"canonical\" href=\"https:\/\/www.sos-massage.ch\/fr\/gut-zu-wissen\/\" \/>\n<meta property=\"og:locale\" content=\"fr_FR\" \/>\n<meta property=\"og:type\" content=\"article\" \/>\n<meta property=\"og:title\" content=\"Bon \u00e0 savoir - SOS-Massage FR\" \/>\n<meta property=\"og:description\" content=\"Apr\u00e8s un traitement il peut arriver que les sympt\u00f4mes s\u2019aggravent. Cela n\u2019est pas n\u00e9gatif, bien au contraire\u00a0: c\u2019est une r\u00e9action de r\u00e9g\u00e9n\u00e9ration positive de votre corps. Les ligaments et les muscles ont tendance \u00e0 s\u2019habituer \u00e0 de fausses postures. Le massage corrige la posture mais le corps doit s\u2019y habituer. Il est possible que vous [&hellip;]\" \/>\n<meta property=\"og:url\" content=\"https:\/\/www.sos-massage.ch\/fr\/gut-zu-wissen\/\" \/>\n<meta property=\"og:site_name\" content=\"SOS-Massage FR\" \/>\n<meta property=\"article:modified_time\" content=\"2020-03-01T17:42:00+00:00\" \/>\n<meta name=\"twitter:card\" content=\"summary_large_image\" \/>\n<meta name=\"twitter:label1\" content=\"Dur\u00e9e de lecture estim\u00e9e\" \/>\n\t<meta name=\"twitter:data1\" content=\"5 minutes\" \/>\n<script type=\"application\/ld+json\" class=\"yoast-schema-graph\">{\"@context\":\"https:\\\/\\\/schema.org\",\"@graph\":[{\"@type\":\"WebPage\",\"@id\":\"https:\\\/\\\/www.sos-massage.ch\\\/fr\\\/gut-zu-wissen\\\/\",\"url\":\"https:\\\/\\\/www.sos-massage.ch\\\/fr\\\/gut-zu-wissen\\\/\",\"name\":\"Bon \u00e0 savoir - SOS-Massage FR\",\"isPartOf\":{\"@id\":\"https:\\\/\\\/www.sos-massage.ch\\\/fr\\\/#website\"},\"datePublished\":\"2017-05-11T15:00:12+00:00\",\"dateModified\":\"2020-03-01T17:42:00+00:00\",\"breadcrumb\":{\"@id\":\"https:\\\/\\\/www.sos-massage.ch\\\/fr\\\/gut-zu-wissen\\\/#breadcrumb\"},\"inLanguage\":\"fr-FR\",\"potentialAction\":[{\"@type\":\"ReadAction\",\"target\":[\"https:\\\/\\\/www.sos-massage.ch\\\/fr\\\/gut-zu-wissen\\\/\"]}]},{\"@type\":\"BreadcrumbList\",\"@id\":\"https:\\\/\\\/www.sos-massage.ch\\\/fr\\\/gut-zu-wissen\\\/#breadcrumb\",\"itemListElement\":[{\"@type\":\"ListItem\",\"position\":1,\"name\":\"Startseite\",\"item\":\"https:\\\/\\\/www.sos-massage.ch\\\/fr\\\/\"},{\"@type\":\"ListItem\",\"position\":2,\"name\":\"Bon \u00e0 savoir\"}]},{\"@type\":\"WebSite\",\"@id\":\"https:\\\/\\\/www.sos-massage.ch\\\/fr\\\/#website\",\"url\":\"https:\\\/\\\/www.sos-massage.ch\\\/fr\\\/\",\"name\":\"SOS-Massage FR\",\"description\":\"flexibilit\u00e9 maximale, th\u00e9rapie efficace, reconnu par les caisses maladie\",\"potentialAction\":[{\"@type\":\"SearchAction\",\"target\":{\"@type\":\"EntryPoint\",\"urlTemplate\":\"https:\\\/\\\/www.sos-massage.ch\\\/fr\\\/?s={search_term_string}\"},\"query-input\":{\"@type\":\"PropertyValueSpecification\",\"valueRequired\":true,\"valueName\":\"search_term_string\"}}],\"inLanguage\":\"fr-FR\"}]}<\/script>\n<!-- \/ Yoast SEO plugin. -->","yoast_head_json":{"title":"Bon \u00e0 savoir - SOS-Massage FR","robots":{"index":"index","follow":"follow","max-snippet":"max-snippet:-1","max-image-preview":"max-image-preview:large","max-video-preview":"max-video-preview:-1"},"canonical":"https:\/\/www.sos-massage.ch\/fr\/gut-zu-wissen\/","og_locale":"fr_FR","og_type":"article","og_title":"Bon \u00e0 savoir - SOS-Massage FR","og_description":"Apr\u00e8s un traitement il peut arriver que les sympt\u00f4mes s\u2019aggravent. Cela n\u2019est pas n\u00e9gatif, bien au contraire\u00a0: c\u2019est une r\u00e9action de r\u00e9g\u00e9n\u00e9ration positive de votre corps. Les ligaments et les muscles ont tendance \u00e0 s\u2019habituer \u00e0 de fausses postures. Le massage corrige la posture mais le corps doit s\u2019y habituer. Il est possible que vous [&hellip;]","og_url":"https:\/\/www.sos-massage.ch\/fr\/gut-zu-wissen\/","og_site_name":"SOS-Massage FR","article_modified_time":"2020-03-01T17:42:00+00:00","twitter_card":"summary_large_image","twitter_misc":{"Dur\u00e9e de lecture estim\u00e9e":"5 minutes"},"schema":{"@context":"https:\/\/schema.org","@graph":[{"@type":"WebPage","@id":"https:\/\/www.sos-massage.ch\/fr\/gut-zu-wissen\/","url":"https:\/\/www.sos-massage.ch\/fr\/gut-zu-wissen\/","name":"Bon \u00e0 savoir - SOS-Massage FR","isPartOf":{"@id":"https:\/\/www.sos-massage.ch\/fr\/#website"},"datePublished":"2017-05-11T15:00:12+00:00","dateModified":"2020-03-01T17:42:00+00:00","breadcrumb":{"@id":"https:\/\/www.sos-massage.ch\/fr\/gut-zu-wissen\/#breadcrumb"},"inLanguage":"fr-FR","potentialAction":[{"@type":"ReadAction","target":["https:\/\/www.sos-massage.ch\/fr\/gut-zu-wissen\/"]}]},{"@type":"BreadcrumbList","@id":"https:\/\/www.sos-massage.ch\/fr\/gut-zu-wissen\/#breadcrumb","itemListElement":[{"@type":"ListItem","position":1,"name":"Startseite","item":"https:\/\/www.sos-massage.ch\/fr\/"},{"@type":"ListItem","position":2,"name":"Bon \u00e0 savoir"}]},{"@type":"WebSite","@id":"https:\/\/www.sos-massage.ch\/fr\/#website","url":"https:\/\/www.sos-massage.ch\/fr\/","name":"SOS-Massage FR","description":"flexibilit\u00e9 maximale, th\u00e9rapie efficace, reconnu par les caisses maladie","potentialAction":[{"@type":"SearchAction","target":{"@type":"EntryPoint","urlTemplate":"https:\/\/www.sos-massage.ch\/fr\/?s={search_term_string}"},"query-input":{"@type":"PropertyValueSpecification","valueRequired":true,"valueName":"search_term_string"}}],"inLanguage":"fr-FR"}]}},"_links":{"self":[{"href":"https:\/\/www.sos-massage.ch\/fr\/wp-json\/wp\/v2\/pages\/2523","targetHints":{"allow":["GET"]}}],"collection":[{"href":"https:\/\/www.sos-massage.ch\/fr\/wp-json\/wp\/v2\/pages"}],"about":[{"href":"https:\/\/www.sos-massage.ch\/fr\/wp-json\/wp\/v2\/types\/page"}],"author":[{"embeddable":true,"href":"https:\/\/www.sos-massage.ch\/fr\/wp-json\/wp\/v2\/users\/1"}],"replies":[{"embeddable":true,"href":"https:\/\/www.sos-massage.ch\/fr\/wp-json\/wp\/v2\/comments?post=2523"}],"version-history":[{"count":5,"href":"https:\/\/www.sos-massage.ch\/fr\/wp-json\/wp\/v2\/pages\/2523\/revisions"}],"predecessor-version":[{"id":8150,"href":"https:\/\/www.sos-massage.ch\/fr\/wp-json\/wp\/v2\/pages\/2523\/revisions\/8150"}],"wp:attachment":[{"href":"https:\/\/www.sos-massage.ch\/fr\/wp-json\/wp\/v2\/media?parent=2523"}],"curies":[{"name":"wp","href":"https:\/\/api.w.org\/{rel}","templated":true}]}}