{"id":2513,"date":"2017-05-11T16:57:18","date_gmt":"2017-05-11T14:57:18","guid":{"rendered":"https:\/\/www.sos-massage.ch\/?page_id=2513"},"modified":"2020-03-02T18:36:03","modified_gmt":"2020-03-02T17:36:03","slug":"fussreflexzonen-massage","status":"publish","type":"page","link":"https:\/\/www.sos-massage.ch\/fr\/fussreflexzonen-massage\/","title":{"rendered":"R\u00e9flexologie plantaire"},"content":{"rendered":"<p>[et_pb_section fb_built=\u00a0\u00bb1&Prime; fullwidth=\u00a0\u00bbon\u00a0\u00bb _builder_version=\u00a0\u00bb3.22&Prime;][et_pb_fullwidth_header title=\u00a0\u00bbActivation des points r\u00e9flexes pour favoriser l\u2019auto-gu\u00e9rison\u00a0\u00bb subhead=\u00a0\u00bbavec bain de pieds pour optimiser son efficacit\u00e9\u00a0\u00bb text_orientation=\u00a0\u00bbcenter\u00a0\u00bb button_one_text=\u00a0\u00bbPrix\u00a0\u00bb button_one_url=\u00a0\u00bbhttps:\/\/www.sos-massage.ch\/fr\/tarif\/\u00a0\u00bb button_two_text=\u00a0\u00bbR\u00e9flexologique lymphatique\u00a0\u00bb button_two_url=\u00a0\u00bbhttps:\/\/www.sos-massage.ch\/fr\/fussrefelexzonen-massage-2\/\u00a0\u00bb logo_image_url=\u00a0\u00bbhttps:\/\/www.sos-massage.ch\/fr\/wp-content\/uploads\/sites\/3\/FZM-Icon4.png\u00a0\u00bb title_font_color=\u00a0\u00bb#ffffff\u00a0\u00bb subhead_font_color=\u00a0\u00bb#ffffff\u00a0\u00bb _builder_version=\u00a0\u00bb4.3.4&Prime; title_text_color=\u00a0\u00bb#ffffff\u00a0\u00bb title_font_size=\u00a0\u00bb38px\u00a0\u00bb subhead_text_color=\u00a0\u00bb#ffffff\u00a0\u00bb background_color=\u00a0\u00bb#c2a583&Prime; custom_button_one=\u00a0\u00bbon\u00a0\u00bb button_one_text_color=\u00a0\u00bb#ffffff\u00a0\u00bb button_one_border_color=\u00a0\u00bb#ffffff\u00a0\u00bb custom_button_two=\u00a0\u00bbon\u00a0\u00bb button_two_text_color=\u00a0\u00bb#ffffff\u00a0\u00bb button_two_border_color=\u00a0\u00bb#ffffff\u00a0\u00bb background_layout=\u00a0\u00bblight\u00a0\u00bb title_font_size_tablet=\u00a0\u00bb28px\u00a0\u00bb title_font_size_phone=\u00a0\u00bb25px\u00a0\u00bb title_font_size_last_edited=\u00a0\u00bbon|phone\u00a0\u00bb button_one_text_size_tablet=\u00a0\u00bb\u00a0\u00bb button_one_text_size_phone=\u00a0\u00bb14px\u00a0\u00bb button_one_text_size_last_edited=\u00a0\u00bbon|phone\u00a0\u00bb button_two_text_size_tablet=\u00a0\u00bb\u00a0\u00bb button_two_text_size_phone=\u00a0\u00bb14px\u00a0\u00bb button_two_text_size_last_edited=\u00a0\u00bbon|phone\u00a0\u00bb button_one_text_color_hover=\u00a0\u00bb#ffffff\u00a0\u00bb button_one_border_color_hover=\u00a0\u00bb#0000ff\u00a0\u00bb button_one_bg_color_hover=\u00a0\u00bb#0000ff\u00a0\u00bb saved_tabs=\u00a0\u00bball\u00a0\u00bb button_one_text_size__hover_enabled=\u00a0\u00bboff\u00a0\u00bb button_two_text_size__hover_enabled=\u00a0\u00bboff\u00a0\u00bb button_one_text_color__hover_enabled=\u00a0\u00bbon\u00a0\u00bb button_one_text_color__hover=\u00a0\u00bb#ffffff\u00a0\u00bb button_two_text_color__hover_enabled=\u00a0\u00bbon\u00a0\u00bb button_one_border_width__hover_enabled=\u00a0\u00bboff\u00a0\u00bb button_two_border_width__hover_enabled=\u00a0\u00bboff\u00a0\u00bb button_one_border_color__hover_enabled=\u00a0\u00bbon\u00a0\u00bb button_one_border_color__hover=\u00a0\u00bb#0000ff\u00a0\u00bb button_two_border_color__hover_enabled=\u00a0\u00bbon\u00a0\u00bb button_one_border_radius__hover_enabled=\u00a0\u00bboff\u00a0\u00bb button_two_border_radius__hover_enabled=\u00a0\u00bboff\u00a0\u00bb button_one_letter_spacing__hover_enabled=\u00a0\u00bboff\u00a0\u00bb button_two_letter_spacing__hover_enabled=\u00a0\u00bboff\u00a0\u00bb button_one_bg_color__hover_enabled=\u00a0\u00bbon\u00a0\u00bb button_one_bg_color__hover=\u00a0\u00bb#0000ff\u00a0\u00bb button_two_bg_color__hover_enabled=\u00a0\u00bbon\u00a0\u00bb button_two_text_color__hover=\u00a0\u00bb#ffffff\u00a0\u00bb button_two_border_color__hover=\u00a0\u00bb#0000ff\u00a0\u00bb button_two_bg_color__hover=\u00a0\u00bb#0000ff\u00a0\u00bb][\/et_pb_fullwidth_header][et_pb_fullwidth_header title=\u00a0\u00bbR\u00e9flexologie plantaire\u00a0\u00bb content_tablet=\u00a0\u00bb<\/p>\n<p>Cette technique se fonde sur la doctrine du m\u00e9decin am\u00e9ricain William Fitzgerald (1872-1942) qui a \u00e9tudi\u00e9 de mani\u00e8re approfondie les connaissances m\u00e9dicales des indiens d\u2019Am\u00e9rique, et sur l\u2019enseignement de la masseuse am\u00e9ricaine Eunice Ingham (1889-1974) qui a consid\u00e9rablement d\u00e9velopp\u00e9 la \u00ab th\u00e9rapie des zones \u00bb.<\/p>\n<p style=%22text-align: justify;%22>La r\u00e9flexologie selon le Dr. Fitzgerald divise le corps en dix zones longitudinales de la t\u00eate aux pieds en en trois zones horizontales. La r\u00e9flexologie envisage les pieds comme une carte du corps. Les organes et parties du corps du c\u00f4t\u00e9 lat\u00e9ral droit sont li\u00e9s aux points r\u00e9flexes du pied droit, ceux du c\u00f4t\u00e9 lat\u00e9ral gauche aux points r\u00e9flexes du pied gauche. En massant la vo\u00fbte plantaire de fa\u00e7on cibl\u00e9e, on agit sur les m\u00e9ridiens ce qui va stimuler et r\u00e9\u00e9quilibrer l\u2019organe correspondant \u00e0 la zone trait\u00e9e.<\/p>\n<p style=%22text-align: justify;%22>La circulation sanguine est augment\u00e9e et le m\u00e9tabolisme stimul\u00e9. Nos propres forces curatives sont ainsi activ\u00e9es. Toute comme l\u2019acupuncture, la r\u00e9flexologie envisage le corps dans sa globalit\u00e9. Par la pression sur certains points r\u00e9flexe du pied, l\u2019\u00e9nergie vitale qui traverse le corps, le Qi, est stimul\u00e9e. Le m\u00eame principe peut \u00eatre appliqu\u00e9 aux mains.<\/p>\n<p>\u00a0\u00bb content_phone=\u00a0\u00bb<\/p>\n<p>Cette technique se fonde sur la doctrine du m\u00e9decin am\u00e9ricain William Fitzgerald (1872-1942) qui a \u00e9tudi\u00e9 de mani\u00e8re approfondie les connaissances m\u00e9dicales des indiens d\u2019Am\u00e9rique, et sur l\u2019enseignement de la masseuse am\u00e9ricaine Eunice Ingham (1889-1974) qui a consid\u00e9rablement d\u00e9velopp\u00e9 la \u00ab th\u00e9rapie des zones \u00bb.<\/p>\n<p style=%22text-align: justify;%22>La r\u00e9flexologie selon le Dr. Fitzgerald divise le corps en dix zones longitudinales de la t\u00eate aux pieds en en trois zones horizontales. La r\u00e9flexologie envisage les pieds comme une carte du corps. Les organes et parties du corps du c\u00f4t\u00e9 lat\u00e9ral droit sont li\u00e9s aux points r\u00e9flexes du pied droit, ceux du c\u00f4t\u00e9 lat\u00e9ral gauche aux points r\u00e9flexes du pied gauche. En massant la vo\u00fbte plantaire de fa\u00e7on cibl\u00e9e, on agit sur les m\u00e9ridiens ce qui va stimuler et r\u00e9\u00e9quilibrer l\u2019organe correspondant \u00e0 la zone trait\u00e9e.<\/p>\n<p>La circulation sanguine est augment\u00e9e et le m\u00e9tabolisme stimul\u00e9. Nos propres forces curatives sont ainsi activ\u00e9es. Toute comme l\u2019acupuncture, la r\u00e9flexologie envisage le corps dans sa globalit\u00e9. Par la pression sur certains points r\u00e9flexe du pied, l\u2019\u00e9nergie vitale qui traverse le corps, le Qi, est stimul\u00e9e. Le m\u00eame principe peut \u00eatre appliqu\u00e9 aux mains.<\/p>\n<p>\u00a0\u00bb content_last_edited=\u00a0\u00bbon|desktop\u00a0\u00bb _builder_version=\u00a0\u00bb4.3.4&Prime; title_font_size=\u00a0\u00bb38px\u00a0\u00bb subhead_font_size=\u00a0\u00bb14px\u00a0\u00bb background_color=\u00a0\u00bbrgba(255, 255, 255, 0)\u00a0\u00bb background_layout=\u00a0\u00bblight\u00a0\u00bb title_font_size_tablet=\u00a0\u00bb28px\u00a0\u00bb title_font_size_phone=\u00a0\u00bb25px\u00a0\u00bb title_font_size_last_edited=\u00a0\u00bbon|phone\u00a0\u00bb content_font_size_tablet=\u00a0\u00bb18px\u00a0\u00bb content_font_size_phone=\u00a0\u00bb14px\u00a0\u00bb content_font_size_last_edited=\u00a0\u00bbon|desktop\u00a0\u00bb button_one_text_size__hover_enabled=\u00a0\u00bboff\u00a0\u00bb button_two_text_size__hover_enabled=\u00a0\u00bboff\u00a0\u00bb button_one_text_color__hover_enabled=\u00a0\u00bboff\u00a0\u00bb button_two_text_color__hover_enabled=\u00a0\u00bboff\u00a0\u00bb button_one_border_width__hover_enabled=\u00a0\u00bboff\u00a0\u00bb button_two_border_width__hover_enabled=\u00a0\u00bboff\u00a0\u00bb button_one_border_color__hover_enabled=\u00a0\u00bboff\u00a0\u00bb button_two_border_color__hover_enabled=\u00a0\u00bboff\u00a0\u00bb button_one_border_radius__hover_enabled=\u00a0\u00bboff\u00a0\u00bb button_two_border_radius__hover_enabled=\u00a0\u00bboff\u00a0\u00bb button_one_letter_spacing__hover_enabled=\u00a0\u00bboff\u00a0\u00bb button_two_letter_spacing__hover_enabled=\u00a0\u00bboff\u00a0\u00bb button_one_bg_color__hover_enabled=\u00a0\u00bboff\u00a0\u00bb button_two_bg_color__hover_enabled=\u00a0\u00bboff\u00a0\u00bb content_font_size__hover_enabled=\u00a0\u00bbon|desktop\u00a0\u00bb]<\/p>\n<p>Cette technique se fonde sur la doctrine du m\u00e9decin am\u00e9ricain William Fitzgerald (1872-1942) qui a \u00e9tudi\u00e9 de mani\u00e8re approfondie les connaissances m\u00e9dicales des indiens d\u2019Am\u00e9rique, et sur l\u2019enseignement de la masseuse am\u00e9ricaine Eunice Ingham (1889-1974) qui a consid\u00e9rablement d\u00e9velopp\u00e9 la \u00ab\u00a0th\u00e9rapie des zones\u00a0\u00bb.<\/p>\n<p>La r\u00e9flexologie selon le Dr. Fitzgerald divise le corps en dix zones longitudinales de la t\u00eate aux pieds en en trois zones horizontales. La r\u00e9flexologie envisage les pieds comme une carte du corps. Les organes et parties du corps du c\u00f4t\u00e9 lat\u00e9ral droit sont li\u00e9s aux points r\u00e9flexes du pied droit, ceux du c\u00f4t\u00e9 lat\u00e9ral gauche aux points r\u00e9flexes du pied gauche. En massant la vo\u00fbte plantaire de fa\u00e7on cibl\u00e9e, on agit sur les m\u00e9ridiens ce qui va stimuler et r\u00e9\u00e9quilibrer l\u2019organe correspondant \u00e0 la zone trait\u00e9e.<\/p>\n<p>La circulation sanguine est augment\u00e9e et le m\u00e9tabolisme stimul\u00e9. Nos propres forces curatives sont ainsi activ\u00e9es. Toute comme l\u2019acupuncture, la r\u00e9flexologie envisage le corps dans sa globalit\u00e9. Par la pression sur certains points r\u00e9flexe du pied, l\u2019\u00e9nergie vitale qui traverse le corps, le Qi, est stimul\u00e9e. Le m\u00eame principe peut \u00eatre appliqu\u00e9 aux mains.<\/p>\n<p>[\/et_pb_fullwidth_header][\/et_pb_section][et_pb_section fb_built=\u00a0\u00bb1&Prime; fullwidth=\u00a0\u00bbon\u00a0\u00bb _builder_version=\u00a0\u00bb3.22&Prime;][et_pb_fullwidth_header title=\u00a0\u00bbConvient en cas de:\u00a0\u00bb _builder_version=\u00a0\u00bb3.16&Prime; title_font_size=\u00a0\u00bb38px\u00a0\u00bb background_color=\u00a0\u00bb#dedede\u00a0\u00bb background_layout=\u00a0\u00bblight\u00a0\u00bb title_font_size_tablet=\u00a0\u00bb28px\u00a0\u00bb title_font_size_phone=\u00a0\u00bb25px\u00a0\u00bb title_font_size_last_edited=\u00a0\u00bbon|desktop\u00a0\u00bb content_font_size_tablet=\u00a0\u00bb18px\u00a0\u00bb content_font_size_phone=\u00a0\u00bb14px\u00a0\u00bb content_font_size_last_edited=\u00a0\u00bbon|desktop\u00a0\u00bb button_one_text_size__hover_enabled=\u00a0\u00bboff\u00a0\u00bb button_two_text_size__hover_enabled=\u00a0\u00bboff\u00a0\u00bb button_one_text_color__hover_enabled=\u00a0\u00bboff\u00a0\u00bb button_two_text_color__hover_enabled=\u00a0\u00bboff\u00a0\u00bb button_one_border_width__hover_enabled=\u00a0\u00bboff\u00a0\u00bb button_two_border_width__hover_enabled=\u00a0\u00bboff\u00a0\u00bb button_one_border_color__hover_enabled=\u00a0\u00bboff\u00a0\u00bb button_two_border_color__hover_enabled=\u00a0\u00bboff\u00a0\u00bb button_one_border_radius__hover_enabled=\u00a0\u00bboff\u00a0\u00bb button_two_border_radius__hover_enabled=\u00a0\u00bboff\u00a0\u00bb button_one_letter_spacing__hover_enabled=\u00a0\u00bboff\u00a0\u00bb button_two_letter_spacing__hover_enabled=\u00a0\u00bboff\u00a0\u00bb button_one_bg_color__hover_enabled=\u00a0\u00bboff\u00a0\u00bb button_two_bg_color__hover_enabled=\u00a0\u00bboff\u00a0\u00bb]<\/p>\n<ul>\n<li>Troubles de la digestion, douleurs gastriques ou intestinales<\/li>\n<li>Maux de t\u00eate, migraines<\/li>\n<li>Insomnies<\/li>\n<li>Troubles de l\u2019appareil locomoteur<\/li>\n<li>R\u00e8gles douloureuses, probl\u00e8mes de menstruation<\/li>\n<li>Traumatisme cervical<\/li>\n<li>Stress et agitation<\/li>\n<li>Rhinite chronique et aig\u00fce<\/li>\n<\/ul>\n<p>[\/et_pb_fullwidth_header][\/et_pb_section]<\/p>\n","protected":false},"excerpt":{"rendered":"<p>Cette technique se fonde sur la doctrine du m\u00e9decin am\u00e9ricain William Fitzgerald (1872-1942) qui a \u00e9tudi\u00e9 de mani\u00e8re approfondie les connaissances m\u00e9dicales des indiens d\u2019Am\u00e9rique, et sur l\u2019enseignement de la masseuse am\u00e9ricaine Eunice Ingham (1889-1974) qui a consid\u00e9rablement d\u00e9velopp\u00e9 la \u00ab\u00a0th\u00e9rapie des zones\u00a0\u00bb. La r\u00e9flexologie selon le Dr. Fitzgerald divise le corps en dix zones [&hellip;]<\/p>\n","protected":false},"author":1,"featured_media":0,"parent":0,"menu_order":26,"comment_status":"closed","ping_status":"closed","template":"","meta":{"_et_pb_use_builder":"on","_et_pb_old_content":"","_et_gb_content_width":"","footnotes":""},"class_list":["post-2513","page","type-page","status-publish","hentry"],"yoast_head":"<!-- This site is optimized with the Yoast SEO plugin v27.3 - https:\/\/yoast.com\/product\/yoast-seo-wordpress\/ -->\n<title>R\u00e9flexologie plantaire - SOS-Massage FR<\/title>\n<meta name=\"robots\" content=\"index, follow, max-snippet:-1, max-image-preview:large, max-video-preview:-1\" \/>\n<link rel=\"canonical\" href=\"https:\/\/www.sos-massage.ch\/fr\/fussreflexzonen-massage\/\" \/>\n<meta property=\"og:locale\" content=\"fr_FR\" \/>\n<meta property=\"og:type\" content=\"article\" \/>\n<meta property=\"og:title\" content=\"R\u00e9flexologie plantaire - SOS-Massage FR\" \/>\n<meta property=\"og:description\" content=\"Cette technique se fonde sur la doctrine du m\u00e9decin am\u00e9ricain William Fitzgerald (1872-1942) qui a \u00e9tudi\u00e9 de mani\u00e8re approfondie les connaissances m\u00e9dicales des indiens d\u2019Am\u00e9rique, et sur l\u2019enseignement de la masseuse am\u00e9ricaine Eunice Ingham (1889-1974) qui a consid\u00e9rablement d\u00e9velopp\u00e9 la \u00ab\u00a0th\u00e9rapie des zones\u00a0\u00bb. La r\u00e9flexologie selon le Dr. Fitzgerald divise le corps en dix zones [&hellip;]\" \/>\n<meta property=\"og:url\" content=\"https:\/\/www.sos-massage.ch\/fr\/fussreflexzonen-massage\/\" \/>\n<meta property=\"og:site_name\" content=\"SOS-Massage FR\" \/>\n<meta property=\"article:modified_time\" content=\"2020-03-02T17:36:03+00:00\" \/>\n<meta name=\"twitter:card\" content=\"summary_large_image\" \/>\n<meta name=\"twitter:label1\" content=\"Dur\u00e9e de lecture estim\u00e9e\" \/>\n\t<meta name=\"twitter:data1\" content=\"7 minutes\" \/>\n<script type=\"application\/ld+json\" class=\"yoast-schema-graph\">{\"@context\":\"https:\\\/\\\/schema.org\",\"@graph\":[{\"@type\":\"WebPage\",\"@id\":\"https:\\\/\\\/www.sos-massage.ch\\\/fr\\\/fussreflexzonen-massage\\\/\",\"url\":\"https:\\\/\\\/www.sos-massage.ch\\\/fr\\\/fussreflexzonen-massage\\\/\",\"name\":\"R\u00e9flexologie plantaire - SOS-Massage FR\",\"isPartOf\":{\"@id\":\"https:\\\/\\\/www.sos-massage.ch\\\/fr\\\/#website\"},\"datePublished\":\"2017-05-11T14:57:18+00:00\",\"dateModified\":\"2020-03-02T17:36:03+00:00\",\"breadcrumb\":{\"@id\":\"https:\\\/\\\/www.sos-massage.ch\\\/fr\\\/fussreflexzonen-massage\\\/#breadcrumb\"},\"inLanguage\":\"fr-FR\",\"potentialAction\":[{\"@type\":\"ReadAction\",\"target\":[\"https:\\\/\\\/www.sos-massage.ch\\\/fr\\\/fussreflexzonen-massage\\\/\"]}]},{\"@type\":\"BreadcrumbList\",\"@id\":\"https:\\\/\\\/www.sos-massage.ch\\\/fr\\\/fussreflexzonen-massage\\\/#breadcrumb\",\"itemListElement\":[{\"@type\":\"ListItem\",\"position\":1,\"name\":\"Startseite\",\"item\":\"https:\\\/\\\/www.sos-massage.ch\\\/fr\\\/\"},{\"@type\":\"ListItem\",\"position\":2,\"name\":\"R\u00e9flexologie plantaire\"}]},{\"@type\":\"WebSite\",\"@id\":\"https:\\\/\\\/www.sos-massage.ch\\\/fr\\\/#website\",\"url\":\"https:\\\/\\\/www.sos-massage.ch\\\/fr\\\/\",\"name\":\"SOS-Massage FR\",\"description\":\"flexibilit\u00e9 maximale, th\u00e9rapie efficace, reconnu par les caisses maladie\",\"potentialAction\":[{\"@type\":\"SearchAction\",\"target\":{\"@type\":\"EntryPoint\",\"urlTemplate\":\"https:\\\/\\\/www.sos-massage.ch\\\/fr\\\/?s={search_term_string}\"},\"query-input\":{\"@type\":\"PropertyValueSpecification\",\"valueRequired\":true,\"valueName\":\"search_term_string\"}}],\"inLanguage\":\"fr-FR\"}]}<\/script>\n<!-- \/ Yoast SEO plugin. -->","yoast_head_json":{"title":"R\u00e9flexologie plantaire - SOS-Massage FR","robots":{"index":"index","follow":"follow","max-snippet":"max-snippet:-1","max-image-preview":"max-image-preview:large","max-video-preview":"max-video-preview:-1"},"canonical":"https:\/\/www.sos-massage.ch\/fr\/fussreflexzonen-massage\/","og_locale":"fr_FR","og_type":"article","og_title":"R\u00e9flexologie plantaire - SOS-Massage FR","og_description":"Cette technique se fonde sur la doctrine du m\u00e9decin am\u00e9ricain William Fitzgerald (1872-1942) qui a \u00e9tudi\u00e9 de mani\u00e8re approfondie les connaissances m\u00e9dicales des indiens d\u2019Am\u00e9rique, et sur l\u2019enseignement de la masseuse am\u00e9ricaine Eunice Ingham (1889-1974) qui a consid\u00e9rablement d\u00e9velopp\u00e9 la \u00ab\u00a0th\u00e9rapie des zones\u00a0\u00bb. La r\u00e9flexologie selon le Dr. Fitzgerald divise le corps en dix zones [&hellip;]","og_url":"https:\/\/www.sos-massage.ch\/fr\/fussreflexzonen-massage\/","og_site_name":"SOS-Massage FR","article_modified_time":"2020-03-02T17:36:03+00:00","twitter_card":"summary_large_image","twitter_misc":{"Dur\u00e9e de lecture estim\u00e9e":"7 minutes"},"schema":{"@context":"https:\/\/schema.org","@graph":[{"@type":"WebPage","@id":"https:\/\/www.sos-massage.ch\/fr\/fussreflexzonen-massage\/","url":"https:\/\/www.sos-massage.ch\/fr\/fussreflexzonen-massage\/","name":"R\u00e9flexologie plantaire - SOS-Massage FR","isPartOf":{"@id":"https:\/\/www.sos-massage.ch\/fr\/#website"},"datePublished":"2017-05-11T14:57:18+00:00","dateModified":"2020-03-02T17:36:03+00:00","breadcrumb":{"@id":"https:\/\/www.sos-massage.ch\/fr\/fussreflexzonen-massage\/#breadcrumb"},"inLanguage":"fr-FR","potentialAction":[{"@type":"ReadAction","target":["https:\/\/www.sos-massage.ch\/fr\/fussreflexzonen-massage\/"]}]},{"@type":"BreadcrumbList","@id":"https:\/\/www.sos-massage.ch\/fr\/fussreflexzonen-massage\/#breadcrumb","itemListElement":[{"@type":"ListItem","position":1,"name":"Startseite","item":"https:\/\/www.sos-massage.ch\/fr\/"},{"@type":"ListItem","position":2,"name":"R\u00e9flexologie plantaire"}]},{"@type":"WebSite","@id":"https:\/\/www.sos-massage.ch\/fr\/#website","url":"https:\/\/www.sos-massage.ch\/fr\/","name":"SOS-Massage FR","description":"flexibilit\u00e9 maximale, th\u00e9rapie efficace, reconnu par les caisses maladie","potentialAction":[{"@type":"SearchAction","target":{"@type":"EntryPoint","urlTemplate":"https:\/\/www.sos-massage.ch\/fr\/?s={search_term_string}"},"query-input":{"@type":"PropertyValueSpecification","valueRequired":true,"valueName":"search_term_string"}}],"inLanguage":"fr-FR"}]}},"_links":{"self":[{"href":"https:\/\/www.sos-massage.ch\/fr\/wp-json\/wp\/v2\/pages\/2513","targetHints":{"allow":["GET"]}}],"collection":[{"href":"https:\/\/www.sos-massage.ch\/fr\/wp-json\/wp\/v2\/pages"}],"about":[{"href":"https:\/\/www.sos-massage.ch\/fr\/wp-json\/wp\/v2\/types\/page"}],"author":[{"embeddable":true,"href":"https:\/\/www.sos-massage.ch\/fr\/wp-json\/wp\/v2\/users\/1"}],"replies":[{"embeddable":true,"href":"https:\/\/www.sos-massage.ch\/fr\/wp-json\/wp\/v2\/comments?post=2513"}],"version-history":[{"count":5,"href":"https:\/\/www.sos-massage.ch\/fr\/wp-json\/wp\/v2\/pages\/2513\/revisions"}],"predecessor-version":[{"id":8239,"href":"https:\/\/www.sos-massage.ch\/fr\/wp-json\/wp\/v2\/pages\/2513\/revisions\/8239"}],"wp:attachment":[{"href":"https:\/\/www.sos-massage.ch\/fr\/wp-json\/wp\/v2\/media?parent=2513"}],"curies":[{"name":"wp","href":"https:\/\/api.w.org\/{rel}","templated":true}]}}