{"id":2511,"date":"2017-05-11T16:56:53","date_gmt":"2017-05-11T14:56:53","guid":{"rendered":"https:\/\/www.sos-massage.ch\/?page_id=2511"},"modified":"2020-10-19T21:43:12","modified_gmt":"2020-10-19T19:43:12","slug":"sportmassage","status":"publish","type":"page","link":"https:\/\/www.sos-massage.ch\/fr\/sportmassage\/","title":{"rendered":"Massage sportif"},"content":{"rendered":"<p>[et_pb_section fb_built=\u00a0\u00bb1&Prime; fullwidth=\u00a0\u00bbon\u00a0\u00bb _builder_version=\u00a0\u00bb3.22&Prime;][et_pb_fullwidth_header title=\u00a0\u00bbSoin des muscles et prophylaxie\u00a0\u00bb subhead=\u00a0\u00bbpas seulement pour les sportifs d\u2019\u00e9lite\u00a0\u00bb text_orientation=\u00a0\u00bbcenter\u00a0\u00bb button_one_text=\u00a0\u00bbPrix\u00a0\u00bb button_one_url=\u00a0\u00bbhttps:\/\/www.sos-massage.ch\/fr\/tarif\/\u00a0\u00bb logo_image_url=\u00a0\u00bbhttps:\/\/www.sos-massage.ch\/wp-content\/uploads\/sites\/3\/Sprinter-200&#215;200.png\u00a0\u00bb _builder_version=\u00a0\u00bb3.19.5&Prime; title_text_color=\u00a0\u00bb#ffffff\u00a0\u00bb title_font_size=\u00a0\u00bb38px\u00a0\u00bb subhead_text_color=\u00a0\u00bb#ffffff\u00a0\u00bb background_color=\u00a0\u00bb#c2a583&Prime; custom_button_one=\u00a0\u00bbon\u00a0\u00bb button_one_text_color=\u00a0\u00bb#ffffff\u00a0\u00bb button_one_border_color=\u00a0\u00bb#ffffff\u00a0\u00bb background_layout=\u00a0\u00bblight\u00a0\u00bb max_width_tablet=\u00a0\u00bb50px\u00a0\u00bb hover_enabled=\u00a0\u00bb0&Prime; title_font_size_tablet=\u00a0\u00bb28px\u00a0\u00bb title_font_size_phone=\u00a0\u00bb25px\u00a0\u00bb title_font_size_last_edited=\u00a0\u00bbon|desktop\u00a0\u00bb button_one_text_size_tablet=\u00a0\u00bb\u00a0\u00bb button_one_text_size_phone=\u00a0\u00bb14px\u00a0\u00bb button_one_text_size_last_edited=\u00a0\u00bbon|phone\u00a0\u00bb button_one_text_color_hover=\u00a0\u00bb#ffffff\u00a0\u00bb button_one_border_color_hover=\u00a0\u00bb#0000ff\u00a0\u00bb button_one_bg_color_hover=\u00a0\u00bb#0000ff\u00a0\u00bb saved_tabs=\u00a0\u00bball\u00a0\u00bb button_one_text_size__hover_enabled=\u00a0\u00bboff\u00a0\u00bb button_two_text_size__hover_enabled=\u00a0\u00bboff\u00a0\u00bb button_one_text_color__hover_enabled=\u00a0\u00bbon\u00a0\u00bb button_one_text_color__hover=\u00a0\u00bb#ffffff\u00a0\u00bb button_two_text_color__hover_enabled=\u00a0\u00bboff\u00a0\u00bb button_one_border_width__hover_enabled=\u00a0\u00bboff\u00a0\u00bb button_two_border_width__hover_enabled=\u00a0\u00bboff\u00a0\u00bb button_one_border_color__hover_enabled=\u00a0\u00bbon\u00a0\u00bb button_one_border_color__hover=\u00a0\u00bb#0000ff\u00a0\u00bb button_two_border_color__hover_enabled=\u00a0\u00bboff\u00a0\u00bb button_one_border_radius__hover_enabled=\u00a0\u00bboff\u00a0\u00bb button_two_border_radius__hover_enabled=\u00a0\u00bboff\u00a0\u00bb button_one_letter_spacing__hover_enabled=\u00a0\u00bboff\u00a0\u00bb button_two_letter_spacing__hover_enabled=\u00a0\u00bboff\u00a0\u00bb button_one_bg_color__hover_enabled=\u00a0\u00bbon\u00a0\u00bb button_one_bg_color__hover=\u00a0\u00bb#0000ff\u00a0\u00bb button_two_bg_color__hover_enabled=\u00a0\u00bboff\u00a0\u00bb sticky_enabled=\u00a0\u00bb0&Prime;][\/et_pb_fullwidth_header][et_pb_fullwidth_header title=\u00a0\u00bbMassage sportif\u00a0\u00bb content_tablet=\u00a0\u00bb<\/p>\n<p><strong>Le massage sportif est un massage classique pour sportifs.<\/strong> Les techniques de massage sont adapt\u00e9es au sportif et aux groupes de muscles d\u00e9cisifs pour sa discipline. Gr\u00e2ce au massage sportif il est possible d\u2019augmenter l\u2019efficacit\u00e9 de l\u2019entra\u00eenement. Le massage sportif joue un r\u00f4le important lors de la pr\u00e9paration \u00e0 l\u2019entra\u00eenement en tant que prophylaxie de blessures, avant la comp\u00e9tition et apr\u00e8s l\u2019effort physique. Le massage sportif favorise le bien-\u00eatre g\u00e9n\u00e9ral et vient compl\u00e9ter la pr\u00e9paration psychologique avant la comp\u00e9tition.<\/p>\n<p>\u00a0\u00bb content_phone=\u00a0\u00bb<\/p>\n<p><strong>Le massage sportif est un massage classique pour sportifs.<\/strong> Les techniques de massage sont adapt\u00e9es au sportif et aux groupes de muscles d\u00e9cisifs pour sa discipline. Gr\u00e2ce au massage sportif il est possible d\u2019augmenter l\u2019efficacit\u00e9 de l\u2019entra\u00eenement. Le massage sportif joue un r\u00f4le important lors de la pr\u00e9paration \u00e0 l\u2019entra\u00eenement en tant que prophylaxie de blessures, avant la comp\u00e9tition et apr\u00e8s l\u2019effort physique. Le massage sportif favorise le bien-\u00eatre g\u00e9n\u00e9ral et vient compl\u00e9ter la pr\u00e9paration psychologique avant la comp\u00e9tition.<\/p>\n<p>\u00a0\u00bb content_last_edited=\u00a0\u00bbon|phone\u00a0\u00bb _builder_version=\u00a0\u00bb4.3.4&Prime; title_font_size=\u00a0\u00bb38px\u00a0\u00bb subhead_font_size=\u00a0\u00bb14px\u00a0\u00bb background_color=\u00a0\u00bbrgba(255, 255, 255, 0)\u00a0\u00bb background_layout=\u00a0\u00bblight\u00a0\u00bb title_font_size_tablet=\u00a0\u00bb28px\u00a0\u00bb title_font_size_phone=\u00a0\u00bb25px\u00a0\u00bb title_font_size_last_edited=\u00a0\u00bbon|phone\u00a0\u00bb content_font_size_tablet=\u00a0\u00bb18px\u00a0\u00bb content_font_size_phone=\u00a0\u00bb14px\u00a0\u00bb content_font_size_last_edited=\u00a0\u00bbon|desktop\u00a0\u00bb button_one_text_size__hover_enabled=\u00a0\u00bboff\u00a0\u00bb button_two_text_size__hover_enabled=\u00a0\u00bboff\u00a0\u00bb button_one_text_color__hover_enabled=\u00a0\u00bboff\u00a0\u00bb button_two_text_color__hover_enabled=\u00a0\u00bboff\u00a0\u00bb button_one_border_width__hover_enabled=\u00a0\u00bboff\u00a0\u00bb button_two_border_width__hover_enabled=\u00a0\u00bboff\u00a0\u00bb button_one_border_color__hover_enabled=\u00a0\u00bboff\u00a0\u00bb button_two_border_color__hover_enabled=\u00a0\u00bboff\u00a0\u00bb button_one_border_radius__hover_enabled=\u00a0\u00bboff\u00a0\u00bb button_two_border_radius__hover_enabled=\u00a0\u00bboff\u00a0\u00bb button_one_letter_spacing__hover_enabled=\u00a0\u00bboff\u00a0\u00bb button_two_letter_spacing__hover_enabled=\u00a0\u00bboff\u00a0\u00bb button_one_bg_color__hover_enabled=\u00a0\u00bboff\u00a0\u00bb button_two_bg_color__hover_enabled=\u00a0\u00bboff\u00a0\u00bb content_font_size__hover_enabled=\u00a0\u00bbon|desktop\u00a0\u00bb]<\/p>\n<p><strong>Le massage sportif est un massage classique pour sportifs.<\/strong> Les techniques de massage sont adapt\u00e9es au sportif et aux groupes de muscles d\u00e9cisifs pour sa discipline. Gr\u00e2ce au massage sportif il est possible d\u2019augmenter l\u2019efficacit\u00e9 de l\u2019entra\u00eenement. Le massage sportif joue un r\u00f4le important lors de la pr\u00e9paration \u00e0 l\u2019entra\u00eenement en tant que prophylaxie de blessures, avant la comp\u00e9tition et apr\u00e8s l\u2019effort physique. Le massage sportif favorise le bien-\u00eatre g\u00e9n\u00e9ral et vient compl\u00e9ter la pr\u00e9paration psychologique avant la comp\u00e9tition.<\/p>\n<p>[\/et_pb_fullwidth_header][et_pb_fullwidth_header title=\u00a0\u00bbLe massage sportif:\u00a0\u00bb _builder_version=\u00a0\u00bb4.3.4&Prime; title_font_size=\u00a0\u00bb38px\u00a0\u00bb background_color=\u00a0\u00bb#dedede\u00a0\u00bb background_layout=\u00a0\u00bblight\u00a0\u00bb title_font_size_tablet=\u00a0\u00bb28px\u00a0\u00bb title_font_size_phone=\u00a0\u00bb25px\u00a0\u00bb title_font_size_last_edited=\u00a0\u00bbon|desktop\u00a0\u00bb content_font_size_tablet=\u00a0\u00bb18px\u00a0\u00bb content_font_size_phone=\u00a0\u00bb14px\u00a0\u00bb content_font_size_last_edited=\u00a0\u00bbon|desktop\u00a0\u00bb button_one_text_size__hover_enabled=\u00a0\u00bboff\u00a0\u00bb button_two_text_size__hover_enabled=\u00a0\u00bboff\u00a0\u00bb button_one_text_color__hover_enabled=\u00a0\u00bboff\u00a0\u00bb button_two_text_color__hover_enabled=\u00a0\u00bboff\u00a0\u00bb button_one_border_width__hover_enabled=\u00a0\u00bboff\u00a0\u00bb button_two_border_width__hover_enabled=\u00a0\u00bboff\u00a0\u00bb button_one_border_color__hover_enabled=\u00a0\u00bboff\u00a0\u00bb button_two_border_color__hover_enabled=\u00a0\u00bboff\u00a0\u00bb button_one_border_radius__hover_enabled=\u00a0\u00bboff\u00a0\u00bb button_two_border_radius__hover_enabled=\u00a0\u00bboff\u00a0\u00bb button_one_letter_spacing__hover_enabled=\u00a0\u00bboff\u00a0\u00bb button_two_letter_spacing__hover_enabled=\u00a0\u00bboff\u00a0\u00bb button_one_bg_color__hover_enabled=\u00a0\u00bboff\u00a0\u00bb button_two_bg_color__hover_enabled=\u00a0\u00bboff\u00a0\u00bb content_font_size__hover_enabled=\u00a0\u00bbon|desktop\u00a0\u00bb]<\/p>\n<p>\u2022 Am\u00e9liore la circulation sanguine et augmente le tonus musculaire<br \/>\u2022 Pr\u00e9vention des blessures \u00e0 l&rsquo;entra\u00eenement ou en comp\u00e9tition<br \/>\u2022 Assouplit et d\u00e9tend une musculature contract\u00e9e apr\u00e8s un effort important<br \/>\u2022 Att\u00e9nue les courbatures gr\u00e2ce \u00e0 une meilleure d\u00e9gradation de l\u2019acide lactique dans les muscles<br \/>\u2022 Am\u00e9liore la mobilit\u00e9 lorsque les muscles sont raccourcis<br \/>\u2022 R\u00e9g\u00e9n\u00e8re lors de blessures telle qu\u2019enflures, tum\u00e9factions ou distorsions<\/p>\n<p>&nbsp;<\/p>\n<p>[\/et_pb_fullwidth_header][\/et_pb_section]<\/p>\n","protected":false},"excerpt":{"rendered":"<p>Le massage sportif est un massage classique pour sportifs. Les techniques de massage sont adapt\u00e9es au sportif et aux groupes de muscles d\u00e9cisifs pour sa discipline. Gr\u00e2ce au massage sportif il est possible d\u2019augmenter l\u2019efficacit\u00e9 de l\u2019entra\u00eenement. Le massage sportif joue un r\u00f4le important lors de la pr\u00e9paration \u00e0 l\u2019entra\u00eenement en tant que prophylaxie de [&hellip;]<\/p>\n","protected":false},"author":1,"featured_media":0,"parent":0,"menu_order":24,"comment_status":"closed","ping_status":"closed","template":"","meta":{"_et_pb_use_builder":"on","_et_pb_old_content":"","_et_gb_content_width":"","footnotes":""},"class_list":["post-2511","page","type-page","status-publish","hentry"],"yoast_head":"<!-- This site is optimized with the Yoast SEO plugin v27.5 - https:\/\/yoast.com\/product\/yoast-seo-wordpress\/ -->\n<title>Massage sportif - SOS-Massage FR<\/title>\n<meta name=\"robots\" content=\"index, follow, max-snippet:-1, max-image-preview:large, max-video-preview:-1\" \/>\n<link rel=\"canonical\" href=\"https:\/\/www.sos-massage.ch\/fr\/sportmassage\/\" \/>\n<meta property=\"og:locale\" content=\"fr_FR\" \/>\n<meta property=\"og:type\" content=\"article\" \/>\n<meta property=\"og:title\" content=\"Massage sportif - SOS-Massage FR\" \/>\n<meta property=\"og:description\" content=\"Le massage sportif est un massage classique pour sportifs. Les techniques de massage sont adapt\u00e9es au sportif et aux groupes de muscles d\u00e9cisifs pour sa discipline. Gr\u00e2ce au massage sportif il est possible d\u2019augmenter l\u2019efficacit\u00e9 de l\u2019entra\u00eenement. Le massage sportif joue un r\u00f4le important lors de la pr\u00e9paration \u00e0 l\u2019entra\u00eenement en tant que prophylaxie de [&hellip;]\" \/>\n<meta property=\"og:url\" content=\"https:\/\/www.sos-massage.ch\/fr\/sportmassage\/\" \/>\n<meta property=\"og:site_name\" content=\"SOS-Massage FR\" \/>\n<meta property=\"article:modified_time\" content=\"2020-10-19T19:43:12+00:00\" \/>\n<meta name=\"twitter:card\" content=\"summary_large_image\" \/>\n<meta name=\"twitter:label1\" content=\"Dur\u00e9e de lecture estim\u00e9e\" \/>\n\t<meta name=\"twitter:data1\" content=\"5 minutes\" \/>\n<script type=\"application\/ld+json\" class=\"yoast-schema-graph\">{\"@context\":\"https:\\\/\\\/schema.org\",\"@graph\":[{\"@type\":\"WebPage\",\"@id\":\"https:\\\/\\\/www.sos-massage.ch\\\/fr\\\/sportmassage\\\/\",\"url\":\"https:\\\/\\\/www.sos-massage.ch\\\/fr\\\/sportmassage\\\/\",\"name\":\"Massage sportif - SOS-Massage FR\",\"isPartOf\":{\"@id\":\"https:\\\/\\\/www.sos-massage.ch\\\/fr\\\/#website\"},\"datePublished\":\"2017-05-11T14:56:53+00:00\",\"dateModified\":\"2020-10-19T19:43:12+00:00\",\"breadcrumb\":{\"@id\":\"https:\\\/\\\/www.sos-massage.ch\\\/fr\\\/sportmassage\\\/#breadcrumb\"},\"inLanguage\":\"fr-FR\",\"potentialAction\":[{\"@type\":\"ReadAction\",\"target\":[\"https:\\\/\\\/www.sos-massage.ch\\\/fr\\\/sportmassage\\\/\"]}]},{\"@type\":\"BreadcrumbList\",\"@id\":\"https:\\\/\\\/www.sos-massage.ch\\\/fr\\\/sportmassage\\\/#breadcrumb\",\"itemListElement\":[{\"@type\":\"ListItem\",\"position\":1,\"name\":\"Startseite\",\"item\":\"https:\\\/\\\/www.sos-massage.ch\\\/fr\\\/\"},{\"@type\":\"ListItem\",\"position\":2,\"name\":\"Massage sportif\"}]},{\"@type\":\"WebSite\",\"@id\":\"https:\\\/\\\/www.sos-massage.ch\\\/fr\\\/#website\",\"url\":\"https:\\\/\\\/www.sos-massage.ch\\\/fr\\\/\",\"name\":\"SOS-Massage FR\",\"description\":\"flexibilit\u00e9 maximale, th\u00e9rapie efficace, reconnu par les caisses maladie\",\"potentialAction\":[{\"@type\":\"SearchAction\",\"target\":{\"@type\":\"EntryPoint\",\"urlTemplate\":\"https:\\\/\\\/www.sos-massage.ch\\\/fr\\\/?s={search_term_string}\"},\"query-input\":{\"@type\":\"PropertyValueSpecification\",\"valueRequired\":true,\"valueName\":\"search_term_string\"}}],\"inLanguage\":\"fr-FR\"}]}<\/script>\n<!-- \/ Yoast SEO plugin. -->","yoast_head_json":{"title":"Massage sportif - SOS-Massage FR","robots":{"index":"index","follow":"follow","max-snippet":"max-snippet:-1","max-image-preview":"max-image-preview:large","max-video-preview":"max-video-preview:-1"},"canonical":"https:\/\/www.sos-massage.ch\/fr\/sportmassage\/","og_locale":"fr_FR","og_type":"article","og_title":"Massage sportif - SOS-Massage FR","og_description":"Le massage sportif est un massage classique pour sportifs. Les techniques de massage sont adapt\u00e9es au sportif et aux groupes de muscles d\u00e9cisifs pour sa discipline. Gr\u00e2ce au massage sportif il est possible d\u2019augmenter l\u2019efficacit\u00e9 de l\u2019entra\u00eenement. Le massage sportif joue un r\u00f4le important lors de la pr\u00e9paration \u00e0 l\u2019entra\u00eenement en tant que prophylaxie de [&hellip;]","og_url":"https:\/\/www.sos-massage.ch\/fr\/sportmassage\/","og_site_name":"SOS-Massage FR","article_modified_time":"2020-10-19T19:43:12+00:00","twitter_card":"summary_large_image","twitter_misc":{"Dur\u00e9e de lecture estim\u00e9e":"5 minutes"},"schema":{"@context":"https:\/\/schema.org","@graph":[{"@type":"WebPage","@id":"https:\/\/www.sos-massage.ch\/fr\/sportmassage\/","url":"https:\/\/www.sos-massage.ch\/fr\/sportmassage\/","name":"Massage sportif - SOS-Massage FR","isPartOf":{"@id":"https:\/\/www.sos-massage.ch\/fr\/#website"},"datePublished":"2017-05-11T14:56:53+00:00","dateModified":"2020-10-19T19:43:12+00:00","breadcrumb":{"@id":"https:\/\/www.sos-massage.ch\/fr\/sportmassage\/#breadcrumb"},"inLanguage":"fr-FR","potentialAction":[{"@type":"ReadAction","target":["https:\/\/www.sos-massage.ch\/fr\/sportmassage\/"]}]},{"@type":"BreadcrumbList","@id":"https:\/\/www.sos-massage.ch\/fr\/sportmassage\/#breadcrumb","itemListElement":[{"@type":"ListItem","position":1,"name":"Startseite","item":"https:\/\/www.sos-massage.ch\/fr\/"},{"@type":"ListItem","position":2,"name":"Massage sportif"}]},{"@type":"WebSite","@id":"https:\/\/www.sos-massage.ch\/fr\/#website","url":"https:\/\/www.sos-massage.ch\/fr\/","name":"SOS-Massage FR","description":"flexibilit\u00e9 maximale, th\u00e9rapie efficace, reconnu par les caisses maladie","potentialAction":[{"@type":"SearchAction","target":{"@type":"EntryPoint","urlTemplate":"https:\/\/www.sos-massage.ch\/fr\/?s={search_term_string}"},"query-input":{"@type":"PropertyValueSpecification","valueRequired":true,"valueName":"search_term_string"}}],"inLanguage":"fr-FR"}]}},"_links":{"self":[{"href":"https:\/\/www.sos-massage.ch\/fr\/wp-json\/wp\/v2\/pages\/2511","targetHints":{"allow":["GET"]}}],"collection":[{"href":"https:\/\/www.sos-massage.ch\/fr\/wp-json\/wp\/v2\/pages"}],"about":[{"href":"https:\/\/www.sos-massage.ch\/fr\/wp-json\/wp\/v2\/types\/page"}],"author":[{"embeddable":true,"href":"https:\/\/www.sos-massage.ch\/fr\/wp-json\/wp\/v2\/users\/1"}],"replies":[{"embeddable":true,"href":"https:\/\/www.sos-massage.ch\/fr\/wp-json\/wp\/v2\/comments?post=2511"}],"version-history":[{"count":4,"href":"https:\/\/www.sos-massage.ch\/fr\/wp-json\/wp\/v2\/pages\/2511\/revisions"}],"predecessor-version":[{"id":8428,"href":"https:\/\/www.sos-massage.ch\/fr\/wp-json\/wp\/v2\/pages\/2511\/revisions\/8428"}],"wp:attachment":[{"href":"https:\/\/www.sos-massage.ch\/fr\/wp-json\/wp\/v2\/media?parent=2511"}],"curies":[{"name":"wp","href":"https:\/\/api.w.org\/{rel}","templated":true}]}}