{"id":1802,"date":"2017-04-06T11:53:56","date_gmt":"2017-04-06T09:53:56","guid":{"rendered":"https:\/\/www.sos-massage.ch\/?page_id=1802"},"modified":"2021-02-04T15:12:49","modified_gmt":"2021-02-04T14:12:49","slug":"therapien","status":"publish","type":"page","link":"https:\/\/www.sos-massage.ch\/fr\/therapien\/","title":{"rendered":"Th\u00e9rapies"},"content":{"rendered":"<p>[et_pb_section fb_built=\u00a0\u00bb1&Prime; fullwidth=\u00a0\u00bbon\u00a0\u00bb _builder_version=\u00a0\u00bb3.22&Prime; hover_enabled=\u00a0\u00bb0&Prime; sticky_enabled=\u00a0\u00bb0&Prime;][et_pb_fullwidth_slider use_bg_overlay=\u00a0\u00bboff\u00a0\u00bb use_text_overlay=\u00a0\u00bboff\u00a0\u00bb _builder_version=\u00a0\u00bb4.8.2&Prime; header_text_color=\u00a0\u00bb#ffffff\u00a0\u00bb header_font_size=\u00a0\u00bb48px\u00a0\u00bb body_text_color=\u00a0\u00bb#000000&Prime; body_font_size=\u00a0\u00bb30px\u00a0\u00bb background_position=\u00a0\u00bbtop_left\u00a0\u00bb min_height=\u00a0\u00bb363px\u00a0\u00bb custom_padding=\u00a0\u00bb10px||0px||false|false\u00a0\u00bb hover_enabled=\u00a0\u00bb0&Prime; header_text_color_tablet=\u00a0\u00bb\u00a0\u00bb header_text_color_phone=\u00a0\u00bb\u00a0\u00bb header_text_color_last_edited=\u00a0\u00bbon|phone\u00a0\u00bb header_font_size_tablet=\u00a0\u00bb28px\u00a0\u00bb header_font_size_phone=\u00a0\u00bb25px\u00a0\u00bb header_font_size_last_edited=\u00a0\u00bbon|desktop\u00a0\u00bb body_font_size_tablet=\u00a0\u00bb17.5px\u00a0\u00bb body_font_size_phone=\u00a0\u00bb15.5px\u00a0\u00bb body_font_size_last_edited=\u00a0\u00bbon|phone\u00a0\u00bb button_text_size__hover_enabled=\u00a0\u00bboff\u00a0\u00bb button_one_text_size__hover_enabled=\u00a0\u00bboff\u00a0\u00bb button_two_text_size__hover_enabled=\u00a0\u00bboff\u00a0\u00bb button_text_color__hover_enabled=\u00a0\u00bboff\u00a0\u00bb button_one_text_color__hover_enabled=\u00a0\u00bboff\u00a0\u00bb button_two_text_color__hover_enabled=\u00a0\u00bboff\u00a0\u00bb button_border_width__hover_enabled=\u00a0\u00bboff\u00a0\u00bb button_one_border_width__hover_enabled=\u00a0\u00bboff\u00a0\u00bb button_two_border_width__hover_enabled=\u00a0\u00bboff\u00a0\u00bb button_border_color__hover_enabled=\u00a0\u00bboff\u00a0\u00bb button_one_border_color__hover_enabled=\u00a0\u00bboff\u00a0\u00bb button_two_border_color__hover_enabled=\u00a0\u00bboff\u00a0\u00bb button_border_radius__hover_enabled=\u00a0\u00bboff\u00a0\u00bb button_one_border_radius__hover_enabled=\u00a0\u00bboff\u00a0\u00bb button_two_border_radius__hover_enabled=\u00a0\u00bboff\u00a0\u00bb button_letter_spacing__hover_enabled=\u00a0\u00bboff\u00a0\u00bb button_one_letter_spacing__hover_enabled=\u00a0\u00bboff\u00a0\u00bb button_two_letter_spacing__hover_enabled=\u00a0\u00bboff\u00a0\u00bb button_bg_color__hover_enabled=\u00a0\u00bboff\u00a0\u00bb button_one_bg_color__hover_enabled=\u00a0\u00bboff\u00a0\u00bb button_two_bg_color__hover_enabled=\u00a0\u00bboff\u00a0\u00bb sticky_enabled=\u00a0\u00bb0&Prime;][et_pb_slide heading=\u00a0\u00bbOrigine et histoire des massages\u00a0\u00bb use_bg_overlay=\u00a0\u00bboff\u00a0\u00bb use_text_overlay=\u00a0\u00bboff\u00a0\u00bb _builder_version=\u00a0\u00bb3.17.2&Prime; header_font=\u00a0\u00bb||||\u00a0\u00bb body_font=\u00a0\u00bb||||\u00a0\u00bb background_image=\u00a0\u00bbhttps:\/\/www.sos-massage.ch\/wp-content\/uploads\/sites\/3\/Aegypten2-1680x600_web.jpg\u00a0\u00bb background_position=\u00a0\u00bbbottom_center\u00a0\u00bb button_on_hover=\u00a0\u00bbon\u00a0\u00bb header_font_size_tablet=\u00a0\u00bb\u00a0\u00bb header_font_size_phone=\u00a0\u00bb\u00a0\u00bb header_font_size_last_edited=\u00a0\u00bbon|tablet\u00a0\u00bb custom_css_slide_description=\u00a0\u00bbbackground-color: rgba(204, 0, 0, 0.7);\u00a0\u00bb button_text_size__hover_enabled=\u00a0\u00bboff\u00a0\u00bb button_one_text_size__hover_enabled=\u00a0\u00bboff\u00a0\u00bb button_two_text_size__hover_enabled=\u00a0\u00bboff\u00a0\u00bb button_text_color__hover_enabled=\u00a0\u00bboff\u00a0\u00bb button_one_text_color__hover_enabled=\u00a0\u00bboff\u00a0\u00bb button_two_text_color__hover_enabled=\u00a0\u00bboff\u00a0\u00bb button_border_width__hover_enabled=\u00a0\u00bboff\u00a0\u00bb button_one_border_width__hover_enabled=\u00a0\u00bboff\u00a0\u00bb button_two_border_width__hover_enabled=\u00a0\u00bboff\u00a0\u00bb button_border_color__hover_enabled=\u00a0\u00bboff\u00a0\u00bb button_one_border_color__hover_enabled=\u00a0\u00bboff\u00a0\u00bb button_two_border_color__hover_enabled=\u00a0\u00bboff\u00a0\u00bb button_border_radius__hover_enabled=\u00a0\u00bboff\u00a0\u00bb button_one_border_radius__hover_enabled=\u00a0\u00bboff\u00a0\u00bb button_two_border_radius__hover_enabled=\u00a0\u00bboff\u00a0\u00bb button_letter_spacing__hover_enabled=\u00a0\u00bboff\u00a0\u00bb button_one_letter_spacing__hover_enabled=\u00a0\u00bboff\u00a0\u00bb button_two_letter_spacing__hover_enabled=\u00a0\u00bboff\u00a0\u00bb button_bg_color__hover_enabled=\u00a0\u00bboff\u00a0\u00bb button_one_bg_color__hover_enabled=\u00a0\u00bboff\u00a0\u00bb button_two_bg_color__hover_enabled=\u00a0\u00bboff\u00a0\u00bb sticky_transition=\u00a0\u00bbon\u00a0\u00bb][\/et_pb_slide][\/et_pb_fullwidth_slider][\/et_pb_section][et_pb_section fb_built=\u00a0\u00bb1&Prime; fullwidth=\u00a0\u00bbon\u00a0\u00bb _builder_version=\u00a0\u00bb3.22&Prime; custom_padding=\u00a0\u00bb0px|0px|0px|0px\u00a0\u00bb][et_pb_fullwidth_header title=\u00a0\u00bbLes massages, la th\u00e9rapie la plus ancienne et la plus diversifi\u00e9e\u00a0\u00bb content_tablet=\u00a0\u00bb<\/p>\n<p>Connu depuis des mill\u00e9naires, pratiquement inchang\u00e9 dans la pratique, <strong>le massage classique<\/strong> constitue la forme th\u00e9rapeutique la plus souvent appliqu\u00e9e parmi les th\u00e9rapies manuelles.<\/p>\n<p>\u00a0\u00bb content_phone=\u00a0\u00bb<\/p>\n<p>Connu depuis des mill\u00e9naires, pratiquement inchang\u00e9 dans la pratique, <strong>le massage classique<\/strong> constitue la forme th\u00e9rapeutique la plus souvent appliqu\u00e9e parmi les th\u00e9rapies manuelles.<\/p>\n<p>\u00a0\u00bb content_last_edited=\u00a0\u00bbon|phone\u00a0\u00bb _builder_version=\u00a0\u00bb4.3.4&Prime; title_font_size=\u00a0\u00bb38px\u00a0\u00bb subhead_font_size=\u00a0\u00bb14px\u00a0\u00bb background_color=\u00a0\u00bbrgba(255, 255, 255, 0)\u00a0\u00bb background_layout=\u00a0\u00bblight\u00a0\u00bb custom_margin=\u00a0\u00bb||0px||false|false\u00a0\u00bb custom_margin_tablet=\u00a0\u00bb\u00a0\u00bb custom_margin_phone=\u00a0\u00bb||0px||false|false\u00a0\u00bb custom_margin_last_edited=\u00a0\u00bbon|desktop\u00a0\u00bb custom_padding=\u00a0\u00bb||0px|||\u00a0\u00bb title_font_size_tablet=\u00a0\u00bb28px\u00a0\u00bb title_font_size_phone=\u00a0\u00bb25px\u00a0\u00bb title_font_size_last_edited=\u00a0\u00bbon|phone\u00a0\u00bb content_font_size_tablet=\u00a0\u00bb18px\u00a0\u00bb content_font_size_phone=\u00a0\u00bb14px\u00a0\u00bb content_font_size_last_edited=\u00a0\u00bbon|desktop\u00a0\u00bb button_one_text_size__hover_enabled=\u00a0\u00bboff\u00a0\u00bb button_two_text_size__hover_enabled=\u00a0\u00bboff\u00a0\u00bb button_one_text_color__hover_enabled=\u00a0\u00bboff\u00a0\u00bb button_two_text_color__hover_enabled=\u00a0\u00bboff\u00a0\u00bb button_one_border_width__hover_enabled=\u00a0\u00bboff\u00a0\u00bb button_two_border_width__hover_enabled=\u00a0\u00bboff\u00a0\u00bb button_one_border_color__hover_enabled=\u00a0\u00bboff\u00a0\u00bb button_two_border_color__hover_enabled=\u00a0\u00bboff\u00a0\u00bb button_one_border_radius__hover_enabled=\u00a0\u00bboff\u00a0\u00bb button_two_border_radius__hover_enabled=\u00a0\u00bboff\u00a0\u00bb button_one_letter_spacing__hover_enabled=\u00a0\u00bboff\u00a0\u00bb button_two_letter_spacing__hover_enabled=\u00a0\u00bboff\u00a0\u00bb button_one_bg_color__hover_enabled=\u00a0\u00bboff\u00a0\u00bb button_two_bg_color__hover_enabled=\u00a0\u00bboff\u00a0\u00bb content__hover_enabled=\u00a0\u00bboff|desktop\u00a0\u00bb content_font_size__hover_enabled=\u00a0\u00bbon|desktop\u00a0\u00bb]Connu depuis des mill\u00e9naires, pratiquement inchang\u00e9 dans la pratique, <strong>le massage classique<\/strong> constitue la forme th\u00e9rapeutique la plus souvent appliqu\u00e9e parmi les th\u00e9rapies manuelles.<br \/>\n[\/et_pb_fullwidth_header][\/et_pb_section][et_pb_section fb_built=\u00a0\u00bb1&Prime; _builder_version=\u00a0\u00bb3.22&Prime; custom_padding=\u00a0\u00bb0px|0px|0px|0px\u00a0\u00bb][et_pb_row _builder_version=\u00a0\u00bb3.25&Prime; background_size=\u00a0\u00bbinitial\u00a0\u00bb background_position=\u00a0\u00bbtop_left\u00a0\u00bb background_repeat=\u00a0\u00bbrepeat\u00a0\u00bb custom_padding=\u00a0\u00bb0px|0px|27px|0px\u00a0\u00bb][et_pb_column type=\u00a0\u00bb4_4&Prime; _builder_version=\u00a0\u00bb3.25&Prime; custom_padding=\u00a0\u00bb|||\u00a0\u00bb custom_padding__hover=\u00a0\u00bb|||\u00a0\u00bb][et_pb_divider color=\u00a0\u00bb#cc0000&Prime; divider_weight=\u00a0\u00bb4&Prime; _builder_version=\u00a0\u00bb4.3.4&Prime; height=\u00a0\u00bb20px\u00a0\u00bb custom_margin=\u00a0\u00bb35px||||false|false\u00a0\u00bb custom_margin_tablet=\u00a0\u00bb\u00a0\u00bb custom_margin_phone=\u00a0\u00bb0px||15px||false|false\u00a0\u00bb custom_margin_last_edited=\u00a0\u00bbon|phone\u00a0\u00bb hide_on_mobile=\u00a0\u00bboff\u00a0\u00bb][\/et_pb_divider][et_pb_text _builder_version=\u00a0\u00bb4.3.4&Prime; background_size=\u00a0\u00bbinitial\u00a0\u00bb background_position=\u00a0\u00bbtop_left\u00a0\u00bb background_repeat=\u00a0\u00bbrepeat\u00a0\u00bb text_font_size_tablet=\u00a0\u00bb18px\u00a0\u00bb text_font_size_phone=\u00a0\u00bb14px\u00a0\u00bb text_font_size_last_edited=\u00a0\u00bbon|desktop\u00a0\u00bb]Un massage permet de se recentrer et de retrouver son \u00e9quilibre. D\u2019o\u00f9 provient cette m\u00e9thode curative \u00e0 action multiple, appliqu\u00e9e avec succ\u00e8s depuis des mill\u00e9naires?<\/p>\n<p>A l\u2019origine, il ne s\u2019agissait pas seulement de bien-\u00eatre, mais de gu\u00e9rison. Pendant des mill\u00e9naires les massages ont jou\u00e9 un r\u00f4le central lorsqu\u2019il s\u2019agissait de traiter des maladies et des blessures. Des peintures de personnes pratiquant les massages dans d\u2019anciens tombeaux \u00e9gyptiens en sont la preuve. Les deux m\u00e9decins de la Gr\u00e8ce antique, Hippocrate et Gal\u00e9nos, pratiquaient les massages comme m\u00e9thode curative et ont contribu\u00e9 \u00e0 les propager en Europe. Au 16\u00e8 si\u00e8cle le chirurgien fran\u00e7ais Ambroise Par\u00e9 recourait aux massages pour r\u00e9\u00e9duquer les patients apr\u00e8s des op\u00e9rations et a ainsi donn\u00e9 ses lettres de noblesse \u00e0 cette th\u00e9rapie qui devait trouver plus tard sa place dans la m\u00e9decine compl\u00e9mentaire.<\/p>\n<p>De nos jours, le massage le plus demand\u00e9 est le massage classique, aussi appel\u00e9 massage su\u00e9dois. Le masseur su\u00e9dois Pehr Henrik Ling est consid\u00e9r\u00e9 comme le \u00ab\u00a0p\u00e8re\u00a0\u00bb du massage classique. Ses techniques d\u00e9velopp\u00e9es au d\u00e9but du 19\u00e8 si\u00e8cle ont \u00e9t\u00e9 approfondies par le m\u00e9decin hollandais Johan Georg Mezger et l\u2019orthop\u00e9diste allemand Albert Hoffa. Les cinq techniques qui en ont r\u00e9sult\u00e9, soit l\u2019effleurage, le p\u00e9trissage, la friction, le tapotement et la vibration sont aujourd\u2019hui le plus fr\u00e9quemment utilis\u00e9es. Dans la deuxi\u00e8me moiti\u00e9 du 20\u00e8 si\u00e8cle d\u2019autres m\u00e9thodes ont \u00e9t\u00e9 d\u00e9velopp\u00e9es, comme la r\u00e9flexologie, le massage des tissus conjonctifs et le drainage lymphatique.<\/p>\n<p>Le massage classique est d\u00e9sormais pratiqu\u00e9 par des th\u00e9rapeutes professionnels form\u00e9s.<br \/>\n[\/et_pb_text][\/et_pb_column][\/et_pb_row][\/et_pb_section][et_pb_section fb_built=\u00a0\u00bb1&Prime; fullwidth=\u00a0\u00bbon\u00a0\u00bb _builder_version=\u00a0\u00bb3.22&Prime; custom_padding=\u00a0\u00bb0px|0px|0px|0px\u00a0\u00bb][et_pb_fullwidth_slider _builder_version=\u00a0\u00bb3.17.3&Prime; body_font_size=\u00a0\u00bb38px\u00a0\u00bb body_line_height=\u00a0\u00bb1.4em\u00a0\u00bb background_image=\u00a0\u00bbhttps:\/\/www.sos-massage.ch\/fr\/wp-content\/uploads\/sites\/3\/max-Flexibilitaet-web.jpg\u00a0\u00bb background_position=\u00a0\u00bbtop_center\u00a0\u00bb custom_padding=\u00a0\u00bb|||\u00a0\u00bb body_font_size_tablet=\u00a0\u00bb28px\u00a0\u00bb body_font_size_phone=\u00a0\u00bb25px\u00a0\u00bb body_font_size_last_edited=\u00a0\u00bbon|phone\u00a0\u00bb box_shadow_style=\u00a0\u00bbpreset6&Prime; box_shadow_blur=\u00a0\u00bb10px\u00a0\u00bb box_shadow_color=\u00a0\u00bbrgba(0,0,0,0.1)\u00a0\u00bb button_text_size__hover_enabled=\u00a0\u00bboff\u00a0\u00bb button_one_text_size__hover_enabled=\u00a0\u00bboff\u00a0\u00bb button_two_text_size__hover_enabled=\u00a0\u00bboff\u00a0\u00bb button_text_color__hover_enabled=\u00a0\u00bboff\u00a0\u00bb button_one_text_color__hover_enabled=\u00a0\u00bboff\u00a0\u00bb button_two_text_color__hover_enabled=\u00a0\u00bboff\u00a0\u00bb button_border_width__hover_enabled=\u00a0\u00bboff\u00a0\u00bb button_one_border_width__hover_enabled=\u00a0\u00bboff\u00a0\u00bb button_two_border_width__hover_enabled=\u00a0\u00bboff\u00a0\u00bb button_border_color__hover_enabled=\u00a0\u00bboff\u00a0\u00bb button_one_border_color__hover_enabled=\u00a0\u00bboff\u00a0\u00bb button_two_border_color__hover_enabled=\u00a0\u00bboff\u00a0\u00bb button_border_radius__hover_enabled=\u00a0\u00bboff\u00a0\u00bb button_one_border_radius__hover_enabled=\u00a0\u00bboff\u00a0\u00bb button_two_border_radius__hover_enabled=\u00a0\u00bboff\u00a0\u00bb button_letter_spacing__hover_enabled=\u00a0\u00bboff\u00a0\u00bb button_one_letter_spacing__hover_enabled=\u00a0\u00bboff\u00a0\u00bb button_two_letter_spacing__hover_enabled=\u00a0\u00bboff\u00a0\u00bb button_bg_color__hover_enabled=\u00a0\u00bboff\u00a0\u00bb button_one_bg_color__hover_enabled=\u00a0\u00bboff\u00a0\u00bb button_two_bg_color__hover_enabled=\u00a0\u00bboff\u00a0\u00bb][et_pb_slide use_bg_overlay=\u00a0\u00bboff\u00a0\u00bb use_text_overlay=\u00a0\u00bboff\u00a0\u00bb _builder_version=\u00a0\u00bb3.17.3&Prime; header_font=\u00a0\u00bb||||\u00a0\u00bb body_font=\u00a0\u00bb||||\u00a0\u00bb background_color=\u00a0\u00bb#ffffff\u00a0\u00bb background_position=\u00a0\u00bbtop_center\u00a0\u00bb button_on_hover=\u00a0\u00bbon\u00a0\u00bb button_text_size__hover_enabled=\u00a0\u00bboff\u00a0\u00bb button_one_text_size__hover_enabled=\u00a0\u00bboff\u00a0\u00bb button_two_text_size__hover_enabled=\u00a0\u00bboff\u00a0\u00bb button_text_color__hover_enabled=\u00a0\u00bboff\u00a0\u00bb button_one_text_color__hover_enabled=\u00a0\u00bboff\u00a0\u00bb button_two_text_color__hover_enabled=\u00a0\u00bboff\u00a0\u00bb button_border_width__hover_enabled=\u00a0\u00bboff\u00a0\u00bb button_one_border_width__hover_enabled=\u00a0\u00bboff\u00a0\u00bb button_two_border_width__hover_enabled=\u00a0\u00bboff\u00a0\u00bb button_border_color__hover_enabled=\u00a0\u00bboff\u00a0\u00bb button_one_border_color__hover_enabled=\u00a0\u00bboff\u00a0\u00bb button_two_border_color__hover_enabled=\u00a0\u00bboff\u00a0\u00bb button_border_radius__hover_enabled=\u00a0\u00bboff\u00a0\u00bb button_one_border_radius__hover_enabled=\u00a0\u00bboff\u00a0\u00bb button_two_border_radius__hover_enabled=\u00a0\u00bboff\u00a0\u00bb button_letter_spacing__hover_enabled=\u00a0\u00bboff\u00a0\u00bb button_one_letter_spacing__hover_enabled=\u00a0\u00bboff\u00a0\u00bb button_two_letter_spacing__hover_enabled=\u00a0\u00bboff\u00a0\u00bb button_bg_color__hover_enabled=\u00a0\u00bboff\u00a0\u00bb button_one_bg_color__hover_enabled=\u00a0\u00bboff\u00a0\u00bb button_two_bg_color__hover_enabled=\u00a0\u00bboff\u00a0\u00bb sticky_transition=\u00a0\u00bbon\u00a0\u00bb]Le massage classique est une m\u00e9thode th\u00e9rapeutique \u00e0 tr\u00e8s large action. Le toucher de la peau combin\u00e9 \u00e0 des techniques de massage qui ont fait leurs preuves depuis des si\u00e8cles agit \u00e0 la fois sur le corps et l\u2019esprit et stimule ainsi la force et la vitalit\u00e9.<br \/>\n[\/et_pb_slide][\/et_pb_fullwidth_slider][\/et_pb_section]<\/p>\n","protected":false},"excerpt":{"rendered":"<p>Connu depuis des mill\u00e9naires, pratiquement inchang\u00e9 dans la pratique, le massage classique constitue la forme th\u00e9rapeutique la plus souvent appliqu\u00e9e parmi les th\u00e9rapies manuelles. Un massage permet de se recentrer et de retrouver son \u00e9quilibre. D\u2019o\u00f9 provient cette m\u00e9thode curative \u00e0 action multiple, appliqu\u00e9e avec succ\u00e8s depuis des mill\u00e9naires? A l\u2019origine, il ne s\u2019agissait pas [&hellip;]<\/p>\n","protected":false},"author":1,"featured_media":0,"parent":0,"menu_order":20,"comment_status":"closed","ping_status":"closed","template":"","meta":{"_et_pb_use_builder":"on","_et_pb_old_content":"","_et_gb_content_width":"","footnotes":""},"class_list":["post-1802","page","type-page","status-publish","hentry"],"yoast_head":"<!-- This site is optimized with the Yoast SEO plugin v27.3 - https:\/\/yoast.com\/product\/yoast-seo-wordpress\/ -->\n<title>Th\u00e9rapies - SOS-Massage FR<\/title>\n<meta name=\"robots\" content=\"index, follow, max-snippet:-1, max-image-preview:large, max-video-preview:-1\" \/>\n<link rel=\"canonical\" href=\"https:\/\/www.sos-massage.ch\/fr\/therapien\/\" \/>\n<meta property=\"og:locale\" content=\"fr_FR\" \/>\n<meta property=\"og:type\" content=\"article\" \/>\n<meta property=\"og:title\" content=\"Th\u00e9rapies - SOS-Massage FR\" \/>\n<meta property=\"og:description\" content=\"Connu depuis des mill\u00e9naires, pratiquement inchang\u00e9 dans la pratique, le massage classique constitue la forme th\u00e9rapeutique la plus souvent appliqu\u00e9e parmi les th\u00e9rapies manuelles. Un massage permet de se recentrer et de retrouver son \u00e9quilibre. D\u2019o\u00f9 provient cette m\u00e9thode curative \u00e0 action multiple, appliqu\u00e9e avec succ\u00e8s depuis des mill\u00e9naires? A l\u2019origine, il ne s\u2019agissait pas [&hellip;]\" \/>\n<meta property=\"og:url\" content=\"https:\/\/www.sos-massage.ch\/fr\/therapien\/\" \/>\n<meta property=\"og:site_name\" content=\"SOS-Massage FR\" \/>\n<meta property=\"article:modified_time\" content=\"2021-02-04T14:12:49+00:00\" \/>\n<meta name=\"twitter:card\" content=\"summary_large_image\" \/>\n<meta name=\"twitter:label1\" content=\"Dur\u00e9e de lecture estim\u00e9e\" \/>\n\t<meta name=\"twitter:data1\" content=\"8 minutes\" \/>\n<script type=\"application\/ld+json\" class=\"yoast-schema-graph\">{\"@context\":\"https:\\\/\\\/schema.org\",\"@graph\":[{\"@type\":\"WebPage\",\"@id\":\"https:\\\/\\\/www.sos-massage.ch\\\/fr\\\/therapien\\\/\",\"url\":\"https:\\\/\\\/www.sos-massage.ch\\\/fr\\\/therapien\\\/\",\"name\":\"Th\u00e9rapies - SOS-Massage FR\",\"isPartOf\":{\"@id\":\"https:\\\/\\\/www.sos-massage.ch\\\/fr\\\/#website\"},\"datePublished\":\"2017-04-06T09:53:56+00:00\",\"dateModified\":\"2021-02-04T14:12:49+00:00\",\"breadcrumb\":{\"@id\":\"https:\\\/\\\/www.sos-massage.ch\\\/fr\\\/therapien\\\/#breadcrumb\"},\"inLanguage\":\"fr-FR\",\"potentialAction\":[{\"@type\":\"ReadAction\",\"target\":[\"https:\\\/\\\/www.sos-massage.ch\\\/fr\\\/therapien\\\/\"]}]},{\"@type\":\"BreadcrumbList\",\"@id\":\"https:\\\/\\\/www.sos-massage.ch\\\/fr\\\/therapien\\\/#breadcrumb\",\"itemListElement\":[{\"@type\":\"ListItem\",\"position\":1,\"name\":\"Startseite\",\"item\":\"https:\\\/\\\/www.sos-massage.ch\\\/fr\\\/\"},{\"@type\":\"ListItem\",\"position\":2,\"name\":\"Th\u00e9rapies\"}]},{\"@type\":\"WebSite\",\"@id\":\"https:\\\/\\\/www.sos-massage.ch\\\/fr\\\/#website\",\"url\":\"https:\\\/\\\/www.sos-massage.ch\\\/fr\\\/\",\"name\":\"SOS-Massage FR\",\"description\":\"flexibilit\u00e9 maximale, th\u00e9rapie efficace, reconnu par les caisses maladie\",\"potentialAction\":[{\"@type\":\"SearchAction\",\"target\":{\"@type\":\"EntryPoint\",\"urlTemplate\":\"https:\\\/\\\/www.sos-massage.ch\\\/fr\\\/?s={search_term_string}\"},\"query-input\":{\"@type\":\"PropertyValueSpecification\",\"valueRequired\":true,\"valueName\":\"search_term_string\"}}],\"inLanguage\":\"fr-FR\"}]}<\/script>\n<!-- \/ Yoast SEO plugin. -->","yoast_head_json":{"title":"Th\u00e9rapies - SOS-Massage FR","robots":{"index":"index","follow":"follow","max-snippet":"max-snippet:-1","max-image-preview":"max-image-preview:large","max-video-preview":"max-video-preview:-1"},"canonical":"https:\/\/www.sos-massage.ch\/fr\/therapien\/","og_locale":"fr_FR","og_type":"article","og_title":"Th\u00e9rapies - SOS-Massage FR","og_description":"Connu depuis des mill\u00e9naires, pratiquement inchang\u00e9 dans la pratique, le massage classique constitue la forme th\u00e9rapeutique la plus souvent appliqu\u00e9e parmi les th\u00e9rapies manuelles. Un massage permet de se recentrer et de retrouver son \u00e9quilibre. D\u2019o\u00f9 provient cette m\u00e9thode curative \u00e0 action multiple, appliqu\u00e9e avec succ\u00e8s depuis des mill\u00e9naires? A l\u2019origine, il ne s\u2019agissait pas [&hellip;]","og_url":"https:\/\/www.sos-massage.ch\/fr\/therapien\/","og_site_name":"SOS-Massage FR","article_modified_time":"2021-02-04T14:12:49+00:00","twitter_card":"summary_large_image","twitter_misc":{"Dur\u00e9e de lecture estim\u00e9e":"8 minutes"},"schema":{"@context":"https:\/\/schema.org","@graph":[{"@type":"WebPage","@id":"https:\/\/www.sos-massage.ch\/fr\/therapien\/","url":"https:\/\/www.sos-massage.ch\/fr\/therapien\/","name":"Th\u00e9rapies - SOS-Massage FR","isPartOf":{"@id":"https:\/\/www.sos-massage.ch\/fr\/#website"},"datePublished":"2017-04-06T09:53:56+00:00","dateModified":"2021-02-04T14:12:49+00:00","breadcrumb":{"@id":"https:\/\/www.sos-massage.ch\/fr\/therapien\/#breadcrumb"},"inLanguage":"fr-FR","potentialAction":[{"@type":"ReadAction","target":["https:\/\/www.sos-massage.ch\/fr\/therapien\/"]}]},{"@type":"BreadcrumbList","@id":"https:\/\/www.sos-massage.ch\/fr\/therapien\/#breadcrumb","itemListElement":[{"@type":"ListItem","position":1,"name":"Startseite","item":"https:\/\/www.sos-massage.ch\/fr\/"},{"@type":"ListItem","position":2,"name":"Th\u00e9rapies"}]},{"@type":"WebSite","@id":"https:\/\/www.sos-massage.ch\/fr\/#website","url":"https:\/\/www.sos-massage.ch\/fr\/","name":"SOS-Massage FR","description":"flexibilit\u00e9 maximale, th\u00e9rapie efficace, reconnu par les caisses maladie","potentialAction":[{"@type":"SearchAction","target":{"@type":"EntryPoint","urlTemplate":"https:\/\/www.sos-massage.ch\/fr\/?s={search_term_string}"},"query-input":{"@type":"PropertyValueSpecification","valueRequired":true,"valueName":"search_term_string"}}],"inLanguage":"fr-FR"}]}},"_links":{"self":[{"href":"https:\/\/www.sos-massage.ch\/fr\/wp-json\/wp\/v2\/pages\/1802","targetHints":{"allow":["GET"]}}],"collection":[{"href":"https:\/\/www.sos-massage.ch\/fr\/wp-json\/wp\/v2\/pages"}],"about":[{"href":"https:\/\/www.sos-massage.ch\/fr\/wp-json\/wp\/v2\/types\/page"}],"author":[{"embeddable":true,"href":"https:\/\/www.sos-massage.ch\/fr\/wp-json\/wp\/v2\/users\/1"}],"replies":[{"embeddable":true,"href":"https:\/\/www.sos-massage.ch\/fr\/wp-json\/wp\/v2\/comments?post=1802"}],"version-history":[{"count":5,"href":"https:\/\/www.sos-massage.ch\/fr\/wp-json\/wp\/v2\/pages\/1802\/revisions"}],"predecessor-version":[{"id":8568,"href":"https:\/\/www.sos-massage.ch\/fr\/wp-json\/wp\/v2\/pages\/1802\/revisions\/8568"}],"wp:attachment":[{"href":"https:\/\/www.sos-massage.ch\/fr\/wp-json\/wp\/v2\/media?parent=1802"}],"curies":[{"name":"wp","href":"https:\/\/api.w.org\/{rel}","templated":true}]}}